{"id":98,"date":"2019-03-12T14:25:00","date_gmt":"2019-03-12T13:25:00","guid":{"rendered":"http:\/\/www.collectifjeuxdemain.fr\/?page_id=98"},"modified":"2025-06-23T16:29:33","modified_gmt":"2025-06-23T14:29:33","slug":"garage-83-c","status":"publish","type":"page","link":"http:\/\/www.collectifjeuxdemain.fr\/?page_id=98","title":{"rendered":"L&rsquo;auto-tamponneuse"},"content":{"rendered":"\t\t<div data-elementor-type=\"post\" data-elementor-id=\"98\" class=\"elementor elementor-98\" data-elementor-settings=\"[]\">\n\t\t\t<div class=\"elementor-inner\">\n\t\t\t\t<div class=\"elementor-section-wrap\">\n\t\t\t\t\t\t\t<section class=\"elementor-element elementor-element-3289e242 elementor-section-boxed elementor-section-height-default elementor-section-height-default elementor-section elementor-top-section\" data-id=\"3289e242\" data-element_type=\"section\">\n\t\t\t\t\t\t<div class=\"elementor-container elementor-column-gap-default\">\n\t\t\t\t<div class=\"elementor-row\">\n\t\t\t\t<div class=\"elementor-element elementor-element-e914dc2 elementor-column elementor-col-100 elementor-top-column\" data-id=\"e914dc2\" data-element_type=\"column\">\n\t\t\t<div class=\"elementor-column-wrap  elementor-element-populated\">\n\t\t\t\t\t<div class=\"elementor-widget-wrap\">\n\t\t\t\t<div class=\"elementor-element elementor-element-62599f elementor-widget elementor-widget-image\" data-id=\"62599f\" data-element_type=\"widget\" data-widget_type=\"image.default\">\n\t\t\t\t<div class=\"elementor-widget-container\">\n\t\t\t\t\t<div class=\"elementor-image\">\n\t\t\t\t\t\t\t\t\t\t<img loading=\"lazy\" decoding=\"async\" width=\"1024\" height=\"379\" src=\"http:\/\/www.collectifjeuxdemain.fr\/wp-content\/uploads\/2019\/07\/Lauto-tamponneuse-OK-1024x379.jpg\" class=\"attachment-large size-large\" alt=\"\" srcset=\"http:\/\/www.collectifjeuxdemain.fr\/wp-content\/uploads\/2019\/07\/Lauto-tamponneuse-OK-1024x379.jpg 1024w, http:\/\/www.collectifjeuxdemain.fr\/wp-content\/uploads\/2019\/07\/Lauto-tamponneuse-OK-300x111.jpg 300w, http:\/\/www.collectifjeuxdemain.fr\/wp-content\/uploads\/2019\/07\/Lauto-tamponneuse-OK-768x284.jpg 768w, http:\/\/www.collectifjeuxdemain.fr\/wp-content\/uploads\/2019\/07\/Lauto-tamponneuse-OK.jpg 1181w\" sizes=\"auto, (max-width: 1024px) 100vw, 1024px\" \/>\t\t\t\t\t\t\t\t\t\t\t<\/div>\n\t\t\t\t<\/div>\n\t\t\t\t<\/div>\n\t\t\t\t\t\t<\/div>\n\t\t\t<\/div>\n\t\t<\/div>\n\t\t\t\t\t\t<\/div>\n\t\t\t<\/div>\n\t\t<\/section>\n\t\t\t\t<section class=\"elementor-element elementor-element-3ab88fb elementor-section-boxed elementor-section-height-default elementor-section-height-default elementor-section elementor-top-section\" data-id=\"3ab88fb\" data-element_type=\"section\">\n\t\t\t\t\t\t<div class=\"elementor-container elementor-column-gap-default\">\n\t\t\t\t<div class=\"elementor-row\">\n\t\t\t\t<div class=\"elementor-element elementor-element-4d02a84 elementor-column elementor-col-100 elementor-top-column\" data-id=\"4d02a84\" data-element_type=\"column\">\n\t\t\t<div class=\"elementor-column-wrap  elementor-element-populated\">\n\t\t\t\t\t<div class=\"elementor-widget-wrap\">\n\t\t\t\t<div class=\"elementor-element elementor-element-9b82715 elementor-position-left elementor-view-default elementor-vertical-align-top elementor-widget elementor-widget-icon-box\" data-id=\"9b82715\" data-element_type=\"widget\" data-widget_type=\"icon-box.default\">\n\t\t\t\t<div class=\"elementor-widget-container\">\n\t\t\t\t\t<div class=\"elementor-icon-box-wrapper\">\n\t\t\t\t\t<div class=\"elementor-icon-box-icon\">\n\t\t\t\t<span class=\"elementor-icon elementor-animation-\" >\n\t\t\t\t<i class=\"fa fa-eye\" aria-hidden=\"true\"><\/i>\n\t\t\t\t<\/span>\n\t\t\t<\/div>\n\t\t\t\t\t\t<div class=\"elementor-icon-box-content\">\n\t\t\t\t<h2 class=\"elementor-icon-box-title\">\n\t\t\t\t\t<span >L'auto-tamponneuse<\/span>\n\t\t\t\t<\/h2>\n\t\t\t\t<p class=\"elementor-icon-box-description\">Animation d\u2019un atelier d\u2019\u00e9criture collective \u00e0 la soir\u00e9e musicale de Garage 83-C. Lille. F\u00e9vrier 2019<\/p>\n\t\t\t<\/div>\n\t\t<\/div>\n\t\t\t\t<\/div>\n\t\t\t\t<\/div>\n\t\t\t\t\t\t<\/div>\n\t\t\t<\/div>\n\t\t<\/div>\n\t\t\t\t\t\t<\/div>\n\t\t\t<\/div>\n\t\t<\/section>\n\t\t\t\t<section class=\"elementor-element elementor-element-509e02c elementor-section-content-top elementor-section-boxed elementor-section-height-default elementor-section-height-default elementor-section elementor-top-section\" data-id=\"509e02c\" data-element_type=\"section\">\n\t\t\t\t\t\t<div class=\"elementor-container elementor-column-gap-default\">\n\t\t\t\t<div class=\"elementor-row\">\n\t\t\t\t<div class=\"elementor-element elementor-element-2cf5373 elementor-column elementor-col-66 elementor-top-column\" data-id=\"2cf5373\" data-element_type=\"column\">\n\t\t\t<div class=\"elementor-column-wrap  elementor-element-populated\">\n\t\t\t\t\t<div class=\"elementor-widget-wrap\">\n\t\t\t\t<div class=\"elementor-element elementor-element-5f756f0 gallery-spacing-custom elementor-widget elementor-widget-image-gallery\" data-id=\"5f756f0\" data-element_type=\"widget\" data-widget_type=\"image-gallery.default\">\n\t\t\t\t<div class=\"elementor-widget-container\">\n\t\t\t\t\t<div class=\"elementor-image-gallery\">\n\t\t\t<div id='gallery-1' class='gallery galleryid-98 gallery-columns-2 gallery-size-medium_large'><figure class='gallery-item'>\n\t\t\t<div class='gallery-icon landscape'>\n\t\t\t\t<a data-elementor-open-lightbox=\"default\" data-elementor-lightbox-slideshow=\"5f756f0\" href='http:\/\/www.collectifjeuxdemain.fr\/wp-content\/uploads\/2019\/07\/jeanne-garage-83-C-OK.jpg'><img loading=\"lazy\" decoding=\"async\" width=\"768\" height=\"512\" src=\"http:\/\/www.collectifjeuxdemain.fr\/wp-content\/uploads\/2019\/07\/jeanne-garage-83-C-OK-768x512.jpg\" class=\"attachment-medium_large size-medium_large\" alt=\"\" srcset=\"http:\/\/www.collectifjeuxdemain.fr\/wp-content\/uploads\/2019\/07\/jeanne-garage-83-C-OK-768x512.jpg 768w, http:\/\/www.collectifjeuxdemain.fr\/wp-content\/uploads\/2019\/07\/jeanne-garage-83-C-OK-300x200.jpg 300w, http:\/\/www.collectifjeuxdemain.fr\/wp-content\/uploads\/2019\/07\/jeanne-garage-83-C-OK-1024x682.jpg 1024w, http:\/\/www.collectifjeuxdemain.fr\/wp-content\/uploads\/2019\/07\/jeanne-garage-83-C-OK.jpg 1181w\" sizes=\"auto, (max-width: 768px) 100vw, 768px\" \/><\/a>\n\t\t\t<\/div><\/figure><figure class='gallery-item'>\n\t\t\t<div class='gallery-icon landscape'>\n\t\t\t\t<a data-elementor-open-lightbox=\"default\" data-elementor-lightbox-slideshow=\"5f756f0\" href='http:\/\/www.collectifjeuxdemain.fr\/wp-content\/uploads\/2019\/07\/garage-collec-tampon-OK.jpg'><img loading=\"lazy\" decoding=\"async\" width=\"768\" height=\"511\" src=\"http:\/\/www.collectifjeuxdemain.fr\/wp-content\/uploads\/2019\/07\/garage-collec-tampon-OK-768x511.jpg\" class=\"attachment-medium_large size-medium_large\" alt=\"\" srcset=\"http:\/\/www.collectifjeuxdemain.fr\/wp-content\/uploads\/2019\/07\/garage-collec-tampon-OK-768x511.jpg 768w, http:\/\/www.collectifjeuxdemain.fr\/wp-content\/uploads\/2019\/07\/garage-collec-tampon-OK-300x200.jpg 300w, http:\/\/www.collectifjeuxdemain.fr\/wp-content\/uploads\/2019\/07\/garage-collec-tampon-OK.jpg 960w\" sizes=\"auto, (max-width: 768px) 100vw, 768px\" \/><\/a>\n\t\t\t<\/div><\/figure><figure class='gallery-item'>\n\t\t\t<div class='gallery-icon landscape'>\n\t\t\t\t<a data-elementor-open-lightbox=\"default\" data-elementor-lightbox-slideshow=\"5f756f0\" href='http:\/\/www.collectifjeuxdemain.fr\/wp-content\/uploads\/2019\/03\/50625352_1203588776466796_2737682823862288384_o-1.jpg'><img loading=\"lazy\" decoding=\"async\" width=\"768\" height=\"512\" src=\"http:\/\/www.collectifjeuxdemain.fr\/wp-content\/uploads\/2019\/03\/50625352_1203588776466796_2737682823862288384_o-1-768x512.jpg\" class=\"attachment-medium_large size-medium_large\" alt=\"\" srcset=\"http:\/\/www.collectifjeuxdemain.fr\/wp-content\/uploads\/2019\/03\/50625352_1203588776466796_2737682823862288384_o-1-768x512.jpg 768w, http:\/\/www.collectifjeuxdemain.fr\/wp-content\/uploads\/2019\/03\/50625352_1203588776466796_2737682823862288384_o-1-300x200.jpg 300w, http:\/\/www.collectifjeuxdemain.fr\/wp-content\/uploads\/2019\/03\/50625352_1203588776466796_2737682823862288384_o-1-1024x682.jpg 1024w, http:\/\/www.collectifjeuxdemain.fr\/wp-content\/uploads\/2019\/03\/50625352_1203588776466796_2737682823862288384_o-1.jpg 2000w\" sizes=\"auto, (max-width: 768px) 100vw, 768px\" \/><\/a>\n\t\t\t<\/div><\/figure><figure class='gallery-item'>\n\t\t\t<div class='gallery-icon landscape'>\n\t\t\t\t<a data-elementor-open-lightbox=\"default\" data-elementor-lightbox-slideshow=\"5f756f0\" href='http:\/\/www.collectifjeuxdemain.fr\/wp-content\/uploads\/2019\/03\/50934385_1203588996466774_7142727043577282560_o-1.jpg'><img loading=\"lazy\" decoding=\"async\" width=\"768\" height=\"512\" src=\"http:\/\/www.collectifjeuxdemain.fr\/wp-content\/uploads\/2019\/03\/50934385_1203588996466774_7142727043577282560_o-1-768x512.jpg\" class=\"attachment-medium_large size-medium_large\" alt=\"\" srcset=\"http:\/\/www.collectifjeuxdemain.fr\/wp-content\/uploads\/2019\/03\/50934385_1203588996466774_7142727043577282560_o-1-768x512.jpg 768w, http:\/\/www.collectifjeuxdemain.fr\/wp-content\/uploads\/2019\/03\/50934385_1203588996466774_7142727043577282560_o-1-300x200.jpg 300w, http:\/\/www.collectifjeuxdemain.fr\/wp-content\/uploads\/2019\/03\/50934385_1203588996466774_7142727043577282560_o-1-1024x682.jpg 1024w, http:\/\/www.collectifjeuxdemain.fr\/wp-content\/uploads\/2019\/03\/50934385_1203588996466774_7142727043577282560_o-1.jpg 2000w\" sizes=\"auto, (max-width: 768px) 100vw, 768px\" \/><\/a>\n\t\t\t<\/div><\/figure>\n\t\t<\/div>\n\t\t<\/div>\n\t\t\t\t<\/div>\n\t\t\t\t<\/div>\n\t\t\t\t\t\t<\/div>\n\t\t\t<\/div>\n\t\t<\/div>\n\t\t\t\t<div class=\"elementor-element elementor-element-cfc4fb5 elementor-column elementor-col-33 elementor-top-column\" data-id=\"cfc4fb5\" data-element_type=\"column\">\n\t\t\t<div class=\"elementor-column-wrap  elementor-element-populated\">\n\t\t\t\t\t<div class=\"elementor-widget-wrap\">\n\t\t\t\t<div class=\"elementor-element elementor-element-f09ac84 elementor-widget elementor-widget-heading\" data-id=\"f09ac84\" data-element_type=\"widget\" data-widget_type=\"heading.default\">\n\t\t\t\t<div class=\"elementor-widget-container\">\n\t\t\t<h5 class=\"elementor-heading-title elementor-size-small\">Cadavre exquis \/ stop-motion<\/h5>\t\t<\/div>\n\t\t\t\t<\/div>\n\t\t\t\t<div class=\"elementor-element elementor-element-6c598dd elementor-widget elementor-widget-text-editor\" data-id=\"6c598dd\" data-element_type=\"widget\" data-widget_type=\"text-editor.default\">\n\t\t\t\t<div class=\"elementor-widget-container\">\n\t\t\t\t\t<div class=\"elementor-text-editor elementor-clearfix\"><p><span class=\"Apple-converted-space\">\u00a0<\/span>Cet atelier convient aux adultes comme aux enfants. L\u2019id\u00e9e est que tour \u00e0 tour les participant.e.s viennent \u00e9crire un bout d\u2019une histoire collective gr\u00e2ce \u00e0 des lettres tampons. On prend une photo entre chaque lettre tamponn\u00e9e et des petits objets sont \u00e0 disposition pour venir illustrer et animer l\u2019histoire. Chaque personne ne peut voir que la page pr\u00e9c\u00e9dente et doit en inventer la suite. \u00c0 la fin nous aurons une petite animation avec toute l\u2019histoire.<\/p><\/div>\n\t\t\t\t<\/div>\n\t\t\t\t<\/div>\n\t\t\t\t<div class=\"elementor-element elementor-element-832a299 elementor-widget elementor-widget-heading\" data-id=\"832a299\" data-element_type=\"widget\" data-widget_type=\"heading.default\">\n\t\t\t\t<div class=\"elementor-widget-container\">\n\t\t\t<h2 class=\"elementor-heading-title elementor-size-default\">\u00c9crire une histoire collective avec des caract\u00e8res en tampons, lettre par lettre, image par image, pour cr\u00e9er un stop-motion.<\/h2>\t\t<\/div>\n\t\t\t\t<\/div>\n\t\t\t\t<div class=\"elementor-element elementor-element-3679953 elementor-button-danger elementor-invisible elementor-widget elementor-widget-button\" data-id=\"3679953\" data-element_type=\"widget\" data-settings=\"{&quot;_animation&quot;:&quot;fadeIn&quot;}\" data-widget_type=\"button.default\">\n\t\t\t\t<div class=\"elementor-widget-container\">\n\t\t\t\t\t<div class=\"elementor-button-wrapper\">\n\t\t\t<a href=\"http:\/\/www.collectifjeuxdemain.fr\/wp-content\/uploads\/2025\/06\/Fiche-Auto-tamponneuse-2025.pdf\" class=\"elementor-button-link elementor-button elementor-size-xs\" target=\"_blank\" role=\"button\">\n\t\t\t\t\t\t<span class=\"elementor-button-content-wrapper\">\n\t\t\t\t\t\t<span class=\"elementor-button-icon elementor-align-icon-left\">\n\t\t\t\t<i class=\"fa fa-briefcase\" aria-hidden=\"true\"><\/i>\n\t\t\t<\/span>\n\t\t\t\t\t\t<span class=\"elementor-button-text\">FICHE DE L'ATELIER<\/span>\n\t\t<\/span>\n\t\t\t\t\t<\/a>\n\t\t<\/div>\n\t\t\t\t<\/div>\n\t\t\t\t<\/div>\n\t\t\t\t\t\t<\/div>\n\t\t\t<\/div>\n\t\t<\/div>\n\t\t\t\t\t\t<\/div>\n\t\t\t<\/div>\n\t\t<\/section>\n\t\t\t\t<section class=\"elementor-element elementor-element-48c6a713 elementor-section-boxed elementor-section-height-default elementor-section-height-default elementor-section elementor-top-section\" data-id=\"48c6a713\" data-element_type=\"section\">\n\t\t\t\t\t\t<div class=\"elementor-container elementor-column-gap-default\">\n\t\t\t\t<div class=\"elementor-row\">\n\t\t\t\t<div class=\"elementor-element elementor-element-138bfe8b elementor-column elementor-col-100 elementor-top-column\" data-id=\"138bfe8b\" data-element_type=\"column\">\n\t\t\t<div class=\"elementor-column-wrap  elementor-element-populated\">\n\t\t\t\t\t<div class=\"elementor-widget-wrap\">\n\t\t\t\t<div class=\"elementor-element elementor-element-b873e4c elementor-aspect-ratio-169 elementor-widget elementor-widget-video\" data-id=\"b873e4c\" data-element_type=\"widget\" data-settings=\"{&quot;aspect_ratio&quot;:&quot;169&quot;}\" data-widget_type=\"video.default\">\n\t\t\t\t<div class=\"elementor-widget-container\">\n\t\t\t\t\t<div class=\"elementor-wrapper elementor-fit-aspect-ratio elementor-open-inline\">\n\t\t\t<iframe class=\"elementor-video-iframe\" allowfullscreen src=\"https:\/\/www.youtube.com\/embed\/9E2t9FQKuUo?feature=oembed&amp;autoplay=1&amp;start&amp;end&amp;wmode=opaque&amp;loop=0&amp;controls=1&amp;mute=0&amp;rel=0&amp;modestbranding=1\"><\/iframe>\t\t<\/div>\n\t\t\t\t<\/div>\n\t\t\t\t<\/div>\n\t\t\t\t\t\t<\/div>\n\t\t\t<\/div>\n\t\t<\/div>\n\t\t\t\t\t\t<\/div>\n\t\t\t<\/div>\n\t\t<\/section>\n\t\t\t\t\t\t<\/div>\n\t\t\t<\/div>\n\t\t<\/div>\n\t\t","protected":false},"excerpt":{"rendered":"<p>L&rsquo;auto-tamponneuse Animation d\u2019un atelier d\u2019\u00e9criture collective \u00e0 la soir\u00e9e musicale de Garage 83-C. Lille. F\u00e9vrier 2019 Cadavre exquis \/ stop-motion \u00a0Cet atelier convient aux adultes comme aux enfants. L\u2019id\u00e9e est que tour \u00e0 tour les participant.e.s viennent \u00e9crire un bout d\u2019une histoire collective gr\u00e2ce \u00e0 des lettres tampons. On prend une photo entre chaque lettre [&hellip;]<\/p>\n","protected":false},"author":1,"featured_media":0,"parent":0,"menu_order":0,"comment_status":"closed","ping_status":"closed","template":"","meta":{"footnotes":""},"class_list":["post-98","page","type-page","status-publish","hentry","entry"],"_links":{"self":[{"href":"http:\/\/www.collectifjeuxdemain.fr\/index.php?rest_route=\/wp\/v2\/pages\/98","targetHints":{"allow":["GET"]}}],"collection":[{"href":"http:\/\/www.collectifjeuxdemain.fr\/index.php?rest_route=\/wp\/v2\/pages"}],"about":[{"href":"http:\/\/www.collectifjeuxdemain.fr\/index.php?rest_route=\/wp\/v2\/types\/page"}],"author":[{"embeddable":true,"href":"http:\/\/www.collectifjeuxdemain.fr\/index.php?rest_route=\/wp\/v2\/users\/1"}],"replies":[{"embeddable":true,"href":"http:\/\/www.collectifjeuxdemain.fr\/index.php?rest_route=%2Fwp%2Fv2%2Fcomments&post=98"}],"version-history":[{"count":21,"href":"http:\/\/www.collectifjeuxdemain.fr\/index.php?rest_route=\/wp\/v2\/pages\/98\/revisions"}],"predecessor-version":[{"id":3140,"href":"http:\/\/www.collectifjeuxdemain.fr\/index.php?rest_route=\/wp\/v2\/pages\/98\/revisions\/3140"}],"wp:attachment":[{"href":"http:\/\/www.collectifjeuxdemain.fr\/index.php?rest_route=%2Fwp%2Fv2%2Fmedia&parent=98"}],"curies":[{"name":"wp","href":"https:\/\/api.w.org\/{rel}","templated":true}]}}