{"id":536,"date":"2019-07-09T10:08:02","date_gmt":"2019-07-09T08:08:02","guid":{"rendered":"http:\/\/www.collectifjeuxdemain.fr\/?page_id=536"},"modified":"2025-06-23T16:36:52","modified_gmt":"2025-06-23T14:36:52","slug":"love-boat","status":"publish","type":"page","link":"http:\/\/www.collectifjeuxdemain.fr\/?page_id=536","title":{"rendered":"Love Notes"},"content":{"rendered":"\t\t<div data-elementor-type=\"post\" data-elementor-id=\"536\" class=\"elementor elementor-536\" data-elementor-settings=\"[]\">\n\t\t\t<div class=\"elementor-inner\">\n\t\t\t\t<div class=\"elementor-section-wrap\">\n\t\t\t\t\t\t\t<section class=\"elementor-element elementor-element-362c907c elementor-section-boxed elementor-section-height-default elementor-section-height-default elementor-section elementor-top-section\" data-id=\"362c907c\" data-element_type=\"section\">\n\t\t\t\t\t\t<div class=\"elementor-container elementor-column-gap-default\">\n\t\t\t\t<div class=\"elementor-row\">\n\t\t\t\t<div class=\"elementor-element elementor-element-67e217b6 elementor-column elementor-col-100 elementor-top-column\" data-id=\"67e217b6\" data-element_type=\"column\">\n\t\t\t<div class=\"elementor-column-wrap  elementor-element-populated\">\n\t\t\t\t\t<div class=\"elementor-widget-wrap\">\n\t\t\t\t<div class=\"elementor-element elementor-element-568a0607 elementor-widget elementor-widget-image\" data-id=\"568a0607\" data-element_type=\"widget\" data-widget_type=\"image.default\">\n\t\t\t\t<div class=\"elementor-widget-container\">\n\t\t\t\t\t<div class=\"elementor-image\">\n\t\t\t\t\t\t\t\t\t\t<img loading=\"lazy\" decoding=\"async\" width=\"1024\" height=\"379\" src=\"http:\/\/www.collectifjeuxdemain.fr\/wp-content\/uploads\/2019\/07\/loveboat-couv-OK-1024x379.jpg\" class=\"attachment-large size-large\" alt=\"\" srcset=\"http:\/\/www.collectifjeuxdemain.fr\/wp-content\/uploads\/2019\/07\/loveboat-couv-OK-1024x379.jpg 1024w, http:\/\/www.collectifjeuxdemain.fr\/wp-content\/uploads\/2019\/07\/loveboat-couv-OK-300x111.jpg 300w, http:\/\/www.collectifjeuxdemain.fr\/wp-content\/uploads\/2019\/07\/loveboat-couv-OK-768x284.jpg 768w, http:\/\/www.collectifjeuxdemain.fr\/wp-content\/uploads\/2019\/07\/loveboat-couv-OK.jpg 1181w\" sizes=\"auto, (max-width: 1024px) 100vw, 1024px\" \/>\t\t\t\t\t\t\t\t\t\t\t<\/div>\n\t\t\t\t<\/div>\n\t\t\t\t<\/div>\n\t\t\t\t\t\t<\/div>\n\t\t\t<\/div>\n\t\t<\/div>\n\t\t\t\t\t\t<\/div>\n\t\t\t<\/div>\n\t\t<\/section>\n\t\t\t\t<section class=\"elementor-element elementor-element-e5469d1 elementor-section-boxed elementor-section-height-default elementor-section-height-default elementor-section elementor-top-section\" data-id=\"e5469d1\" data-element_type=\"section\">\n\t\t\t\t\t\t<div class=\"elementor-container elementor-column-gap-default\">\n\t\t\t\t<div class=\"elementor-row\">\n\t\t\t\t<div class=\"elementor-element elementor-element-5869c9c elementor-column elementor-col-100 elementor-top-column\" data-id=\"5869c9c\" data-element_type=\"column\">\n\t\t\t<div class=\"elementor-column-wrap  elementor-element-populated\">\n\t\t\t\t\t<div class=\"elementor-widget-wrap\">\n\t\t\t\t<div class=\"elementor-element elementor-element-dfe7da6 elementor-position-left elementor-view-default elementor-vertical-align-top elementor-widget elementor-widget-icon-box\" data-id=\"dfe7da6\" data-element_type=\"widget\" data-widget_type=\"icon-box.default\">\n\t\t\t\t<div class=\"elementor-widget-container\">\n\t\t\t\t\t<div class=\"elementor-icon-box-wrapper\">\n\t\t\t\t\t<div class=\"elementor-icon-box-icon\">\n\t\t\t\t<span class=\"elementor-icon elementor-animation-\" >\n\t\t\t\t<i class=\"fa fa-eye\" aria-hidden=\"true\"><\/i>\n\t\t\t\t<\/span>\n\t\t\t<\/div>\n\t\t\t\t\t\t<div class=\"elementor-icon-box-content\">\n\t\t\t\t<h2 class=\"elementor-icon-box-title\">\n\t\t\t\t\t<span >Love Notes<\/span>\n\t\t\t\t<\/h2>\n\t\t\t\t<p class=\"elementor-icon-box-description\">Atelier d'\u00e9criture ludique de d\u00e9claration d'amour (ou de haine) sur le Love Boat. Lyon. Mai 2019<\/p>\n\t\t\t<\/div>\n\t\t<\/div>\n\t\t\t\t<\/div>\n\t\t\t\t<\/div>\n\t\t\t\t\t\t<\/div>\n\t\t\t<\/div>\n\t\t<\/div>\n\t\t\t\t\t\t<\/div>\n\t\t\t<\/div>\n\t\t<\/section>\n\t\t\t\t<section class=\"elementor-element elementor-element-239fd12d elementor-section-content-top elementor-section-boxed elementor-section-height-default elementor-section-height-default elementor-section elementor-top-section\" data-id=\"239fd12d\" data-element_type=\"section\">\n\t\t\t\t\t\t<div class=\"elementor-container elementor-column-gap-default\">\n\t\t\t\t<div class=\"elementor-row\">\n\t\t\t\t<div class=\"elementor-element elementor-element-2105e028 elementor-column elementor-col-66 elementor-top-column\" data-id=\"2105e028\" data-element_type=\"column\">\n\t\t\t<div class=\"elementor-column-wrap  elementor-element-populated\">\n\t\t\t\t\t<div class=\"elementor-widget-wrap\">\n\t\t\t\t<div class=\"elementor-element elementor-element-4914d20c gallery-spacing-custom elementor-widget elementor-widget-image-gallery\" data-id=\"4914d20c\" data-element_type=\"widget\" data-widget_type=\"image-gallery.default\">\n\t\t\t\t<div class=\"elementor-widget-container\">\n\t\t\t\t\t<div class=\"elementor-image-gallery\">\n\t\t\t<div id='gallery-1' class='gallery galleryid-536 gallery-columns-2 gallery-size-medium_large'><figure class='gallery-item'>\n\t\t\t<div class='gallery-icon landscape'>\n\t\t\t\t<a data-elementor-open-lightbox=\"default\" data-elementor-lightbox-slideshow=\"4914d20c\" href='http:\/\/www.collectifjeuxdemain.fr\/wp-content\/uploads\/2019\/07\/loveboat-la-table-OK.jpg'><img loading=\"lazy\" decoding=\"async\" width=\"768\" height=\"512\" src=\"http:\/\/www.collectifjeuxdemain.fr\/wp-content\/uploads\/2019\/07\/loveboat-la-table-OK-768x512.jpg\" class=\"attachment-medium_large size-medium_large\" alt=\"\" srcset=\"http:\/\/www.collectifjeuxdemain.fr\/wp-content\/uploads\/2019\/07\/loveboat-la-table-OK-768x512.jpg 768w, http:\/\/www.collectifjeuxdemain.fr\/wp-content\/uploads\/2019\/07\/loveboat-la-table-OK-300x200.jpg 300w, http:\/\/www.collectifjeuxdemain.fr\/wp-content\/uploads\/2019\/07\/loveboat-la-table-OK-1024x683.jpg 1024w, http:\/\/www.collectifjeuxdemain.fr\/wp-content\/uploads\/2019\/07\/loveboat-la-table-OK.jpg 1181w\" sizes=\"auto, (max-width: 768px) 100vw, 768px\" \/><\/a>\n\t\t\t<\/div><\/figure><figure class='gallery-item'>\n\t\t\t<div class='gallery-icon landscape'>\n\t\t\t\t<a data-elementor-open-lightbox=\"default\" data-elementor-lightbox-slideshow=\"4914d20c\" href='http:\/\/www.collectifjeuxdemain.fr\/wp-content\/uploads\/2019\/07\/loveboat-table-de-pochoir-NB-OK.jpg'><img loading=\"lazy\" decoding=\"async\" width=\"768\" height=\"512\" src=\"http:\/\/www.collectifjeuxdemain.fr\/wp-content\/uploads\/2019\/07\/loveboat-table-de-pochoir-NB-OK-768x512.jpg\" class=\"attachment-medium_large size-medium_large\" alt=\"\" srcset=\"http:\/\/www.collectifjeuxdemain.fr\/wp-content\/uploads\/2019\/07\/loveboat-table-de-pochoir-NB-OK-768x512.jpg 768w, http:\/\/www.collectifjeuxdemain.fr\/wp-content\/uploads\/2019\/07\/loveboat-table-de-pochoir-NB-OK-300x200.jpg 300w, http:\/\/www.collectifjeuxdemain.fr\/wp-content\/uploads\/2019\/07\/loveboat-table-de-pochoir-NB-OK-1024x682.jpg 1024w, http:\/\/www.collectifjeuxdemain.fr\/wp-content\/uploads\/2019\/07\/loveboat-table-de-pochoir-NB-OK.jpg 1181w\" sizes=\"auto, (max-width: 768px) 100vw, 768px\" \/><\/a>\n\t\t\t<\/div><\/figure><figure class='gallery-item'>\n\t\t\t<div class='gallery-icon landscape'>\n\t\t\t\t<a data-elementor-open-lightbox=\"default\" data-elementor-lightbox-slideshow=\"4914d20c\" href='http:\/\/www.collectifjeuxdemain.fr\/wp-content\/uploads\/2019\/07\/loveboat-paillettes-OK.jpg'><img loading=\"lazy\" decoding=\"async\" width=\"768\" height=\"511\" src=\"http:\/\/www.collectifjeuxdemain.fr\/wp-content\/uploads\/2019\/07\/loveboat-paillettes-OK-768x511.jpg\" class=\"attachment-medium_large size-medium_large\" alt=\"\" srcset=\"http:\/\/www.collectifjeuxdemain.fr\/wp-content\/uploads\/2019\/07\/loveboat-paillettes-OK-768x511.jpg 768w, http:\/\/www.collectifjeuxdemain.fr\/wp-content\/uploads\/2019\/07\/loveboat-paillettes-OK-300x200.jpg 300w, http:\/\/www.collectifjeuxdemain.fr\/wp-content\/uploads\/2019\/07\/loveboat-paillettes-OK-1024x682.jpg 1024w, http:\/\/www.collectifjeuxdemain.fr\/wp-content\/uploads\/2019\/07\/loveboat-paillettes-OK.jpg 1181w\" sizes=\"auto, (max-width: 768px) 100vw, 768px\" \/><\/a>\n\t\t\t<\/div><\/figure><figure class='gallery-item'>\n\t\t\t<div class='gallery-icon landscape'>\n\t\t\t\t<a data-elementor-open-lightbox=\"default\" data-elementor-lightbox-slideshow=\"4914d20c\" href='http:\/\/www.collectifjeuxdemain.fr\/wp-content\/uploads\/2019\/07\/loveboat-nous-OK.jpg'><img loading=\"lazy\" decoding=\"async\" width=\"768\" height=\"512\" src=\"http:\/\/www.collectifjeuxdemain.fr\/wp-content\/uploads\/2019\/07\/loveboat-nous-OK-768x512.jpg\" class=\"attachment-medium_large size-medium_large\" alt=\"\" srcset=\"http:\/\/www.collectifjeuxdemain.fr\/wp-content\/uploads\/2019\/07\/loveboat-nous-OK-768x512.jpg 768w, http:\/\/www.collectifjeuxdemain.fr\/wp-content\/uploads\/2019\/07\/loveboat-nous-OK-300x200.jpg 300w, http:\/\/www.collectifjeuxdemain.fr\/wp-content\/uploads\/2019\/07\/loveboat-nous-OK-1024x682.jpg 1024w, http:\/\/www.collectifjeuxdemain.fr\/wp-content\/uploads\/2019\/07\/loveboat-nous-OK.jpg 1181w\" sizes=\"auto, (max-width: 768px) 100vw, 768px\" \/><\/a>\n\t\t\t<\/div><\/figure>\n\t\t<\/div>\n\t\t<\/div>\n\t\t\t\t<\/div>\n\t\t\t\t<\/div>\n\t\t\t\t\t\t<\/div>\n\t\t\t<\/div>\n\t\t<\/div>\n\t\t\t\t<div class=\"elementor-element elementor-element-30c67540 elementor-column elementor-col-33 elementor-top-column\" data-id=\"30c67540\" data-element_type=\"column\">\n\t\t\t<div class=\"elementor-column-wrap  elementor-element-populated\">\n\t\t\t\t\t<div class=\"elementor-widget-wrap\">\n\t\t\t\t<div class=\"elementor-element elementor-element-71429765 elementor-widget elementor-widget-heading\" data-id=\"71429765\" data-element_type=\"widget\" data-widget_type=\"heading.default\">\n\t\t\t\t<div class=\"elementor-widget-container\">\n\t\t\t<h5 class=\"elementor-heading-title elementor-size-small\">Dis leur des mots d\u2019amour&nbsp;!<\/h5>\t\t<\/div>\n\t\t\t\t<\/div>\n\t\t\t\t<div class=\"elementor-element elementor-element-3afb2fa7 elementor-widget elementor-widget-text-editor\" data-id=\"3afb2fa7\" data-element_type=\"widget\" data-widget_type=\"text-editor.default\">\n\t\t\t\t<div class=\"elementor-widget-container\">\n\t\t\t\t\t<div class=\"elementor-text-editor elementor-clearfix\"><p><span class=\"Apple-converted-space\">\u00a0<\/span>Cet atelier convient aux adultes comme aux enfants. Il ne prend que quelques minutes aux participant <span style=\"font-size: 14px; letter-spacing: 0.3px;\">et peu durer 1 \u00e0 2h. L\u2019id\u00e9e est de proposer aux participant.e.s de s\u2019\u00e9crire un billet d\u2019amour un peu sp\u00e9cial. On commence par choisir un des textes \u00e0 trous propos\u00e9 et on peut le compl\u00e9ter avec des pictogrammes paillet\u00e9. Chacun.e peut ainsi personnaliser son billet et m\u00eame y inscrire les initiales de l\u2019.la.les \u00e9lu.e.s de son coeur.<\/span><\/p><\/div>\n\t\t\t\t<\/div>\n\t\t\t\t<\/div>\n\t\t\t\t<div class=\"elementor-element elementor-element-bcf603a elementor-widget elementor-widget-heading\" data-id=\"bcf603a\" data-element_type=\"widget\" data-widget_type=\"heading.default\">\n\t\t\t\t<div class=\"elementor-widget-container\">\n\t\t\t<h2 class=\"elementor-heading-title elementor-size-default\">Un mot d\u2019amour paillet\u00e9, compos\u00e9 d\u2019images et de texte afin de l\u2019offrir \u00e0 la\npersonne <br>de son choix.<\/h2>\t\t<\/div>\n\t\t\t\t<\/div>\n\t\t\t\t<div class=\"elementor-element elementor-element-d95e79f elementor-button-danger elementor-invisible elementor-widget elementor-widget-button\" data-id=\"d95e79f\" data-element_type=\"widget\" data-settings=\"{&quot;_animation&quot;:&quot;fadeIn&quot;}\" data-widget_type=\"button.default\">\n\t\t\t\t<div class=\"elementor-widget-container\">\n\t\t\t\t\t<div class=\"elementor-button-wrapper\">\n\t\t\t<a href=\"http:\/\/www.collectifjeuxdemain.fr\/wp-content\/uploads\/2025\/06\/Fiche-Love-Note-2025.pdf\" class=\"elementor-button-link elementor-button elementor-size-xs\" target=\"_blank\" role=\"button\">\n\t\t\t\t\t\t<span class=\"elementor-button-content-wrapper\">\n\t\t\t\t\t\t<span class=\"elementor-button-icon elementor-align-icon-left\">\n\t\t\t\t<i class=\"fa fa-briefcase\" aria-hidden=\"true\"><\/i>\n\t\t\t<\/span>\n\t\t\t\t\t\t<span class=\"elementor-button-text\">FICHE DE L'ATELIER<\/span>\n\t\t<\/span>\n\t\t\t\t\t<\/a>\n\t\t<\/div>\n\t\t\t\t<\/div>\n\t\t\t\t<\/div>\n\t\t\t\t\t\t<\/div>\n\t\t\t<\/div>\n\t\t<\/div>\n\t\t\t\t\t\t<\/div>\n\t\t\t<\/div>\n\t\t<\/section>\n\t\t\t\t<section class=\"elementor-element elementor-element-7f28e2a5 elementor-section-boxed elementor-section-height-default elementor-section-height-default elementor-section elementor-top-section\" data-id=\"7f28e2a5\" data-element_type=\"section\">\n\t\t\t\t\t\t<div class=\"elementor-container elementor-column-gap-default\">\n\t\t\t\t<div class=\"elementor-row\">\n\t\t\t\t<div class=\"elementor-element elementor-element-706941be elementor-column elementor-col-100 elementor-top-column\" data-id=\"706941be\" data-element_type=\"column\">\n\t\t\t<div class=\"elementor-column-wrap  elementor-element-populated\">\n\t\t\t\t\t<div class=\"elementor-widget-wrap\">\n\t\t\t\t<div class=\"elementor-element elementor-element-5caa5884 elementor-widget elementor-widget-image\" data-id=\"5caa5884\" data-element_type=\"widget\" data-widget_type=\"image.default\">\n\t\t\t\t<div class=\"elementor-widget-container\">\n\t\t\t\t\t<div class=\"elementor-image\">\n\t\t\t\t\t\t\t<figure class=\"wp-caption\">\n\t\t\t\t\t\t\t\t\t\t<img loading=\"lazy\" decoding=\"async\" width=\"1024\" height=\"683\" src=\"http:\/\/www.collectifjeuxdemain.fr\/wp-content\/uploads\/2019\/10\/love-boat-final-1024x683.jpg\" class=\"attachment-large size-large\" alt=\"\" srcset=\"http:\/\/www.collectifjeuxdemain.fr\/wp-content\/uploads\/2019\/10\/love-boat-final-1024x683.jpg 1024w, http:\/\/www.collectifjeuxdemain.fr\/wp-content\/uploads\/2019\/10\/love-boat-final-300x200.jpg 300w, http:\/\/www.collectifjeuxdemain.fr\/wp-content\/uploads\/2019\/10\/love-boat-final-768x512.jpg 768w, http:\/\/www.collectifjeuxdemain.fr\/wp-content\/uploads\/2019\/10\/love-boat-final.jpg 1575w\" sizes=\"auto, (max-width: 1024px) 100vw, 1024px\" \/>\t\t\t\t\t\t\t\t\t\t\t<figcaption class=\"widget-image-caption wp-caption-text\">R\u00e9alisation finale.<\/figcaption>\n\t\t\t\t\t\t\t\t\t\t<\/figure>\n\t\t\t\t\t<\/div>\n\t\t\t\t<\/div>\n\t\t\t\t<\/div>\n\t\t\t\t\t\t<\/div>\n\t\t\t<\/div>\n\t\t<\/div>\n\t\t\t\t\t\t<\/div>\n\t\t\t<\/div>\n\t\t<\/section>\n\t\t\t\t\t\t<\/div>\n\t\t\t<\/div>\n\t\t<\/div>\n\t\t","protected":false},"excerpt":{"rendered":"<p>Love Notes Atelier d&rsquo;\u00e9criture ludique de d\u00e9claration d&rsquo;amour (ou de haine) sur le Love Boat. Lyon. Mai 2019 Dis leur des mots d\u2019amour&nbsp;! \u00a0Cet atelier convient aux adultes comme aux enfants. Il ne prend que quelques minutes aux participant et peu durer 1 \u00e0 2h. L\u2019id\u00e9e est de proposer aux participant.e.s de s\u2019\u00e9crire un billet [&hellip;]<\/p>\n","protected":false},"author":1,"featured_media":0,"parent":0,"menu_order":0,"comment_status":"closed","ping_status":"closed","template":"","meta":{"footnotes":""},"class_list":["post-536","page","type-page","status-publish","hentry","entry"],"_links":{"self":[{"href":"http:\/\/www.collectifjeuxdemain.fr\/index.php?rest_route=\/wp\/v2\/pages\/536","targetHints":{"allow":["GET"]}}],"collection":[{"href":"http:\/\/www.collectifjeuxdemain.fr\/index.php?rest_route=\/wp\/v2\/pages"}],"about":[{"href":"http:\/\/www.collectifjeuxdemain.fr\/index.php?rest_route=\/wp\/v2\/types\/page"}],"author":[{"embeddable":true,"href":"http:\/\/www.collectifjeuxdemain.fr\/index.php?rest_route=\/wp\/v2\/users\/1"}],"replies":[{"embeddable":true,"href":"http:\/\/www.collectifjeuxdemain.fr\/index.php?rest_route=%2Fwp%2Fv2%2Fcomments&post=536"}],"version-history":[{"count":22,"href":"http:\/\/www.collectifjeuxdemain.fr\/index.php?rest_route=\/wp\/v2\/pages\/536\/revisions"}],"predecessor-version":[{"id":3169,"href":"http:\/\/www.collectifjeuxdemain.fr\/index.php?rest_route=\/wp\/v2\/pages\/536\/revisions\/3169"}],"wp:attachment":[{"href":"http:\/\/www.collectifjeuxdemain.fr\/index.php?rest_route=%2Fwp%2Fv2%2Fmedia&parent=536"}],"curies":[{"name":"wp","href":"https:\/\/api.w.org\/{rel}","templated":true}]}}