{"id":2635,"date":"2024-09-17T16:00:21","date_gmt":"2024-09-17T14:00:21","guid":{"rendered":"http:\/\/www.collectifjeuxdemain.fr\/?page_id=2635"},"modified":"2025-06-23T16:38:17","modified_gmt":"2025-06-23T14:38:17","slug":"memory-legume","status":"publish","type":"page","link":"http:\/\/www.collectifjeuxdemain.fr\/?page_id=2635","title":{"rendered":"Memory Magic Legume"},"content":{"rendered":"\t\t<div data-elementor-type=\"post\" data-elementor-id=\"2635\" class=\"elementor elementor-2635\" data-elementor-settings=\"[]\">\n\t\t\t<div class=\"elementor-inner\">\n\t\t\t\t<div class=\"elementor-section-wrap\">\n\t\t\t\t\t\t\t<section class=\"elementor-element elementor-element-1d3e2714 elementor-section-boxed elementor-section-height-default elementor-section-height-default elementor-section elementor-top-section\" data-id=\"1d3e2714\" data-element_type=\"section\">\n\t\t\t\t\t\t<div class=\"elementor-container elementor-column-gap-default\">\n\t\t\t\t<div class=\"elementor-row\">\n\t\t\t\t<div class=\"elementor-element elementor-element-5128ec7b elementor-column elementor-col-100 elementor-top-column\" data-id=\"5128ec7b\" data-element_type=\"column\">\n\t\t\t<div class=\"elementor-column-wrap  elementor-element-populated\">\n\t\t\t\t\t<div class=\"elementor-widget-wrap\">\n\t\t\t\t<div class=\"elementor-element elementor-element-6c881d33 elementor-widget elementor-widget-image\" data-id=\"6c881d33\" data-element_type=\"widget\" data-widget_type=\"image.default\">\n\t\t\t\t<div class=\"elementor-widget-container\">\n\t\t\t\t\t<div class=\"elementor-image\">\n\t\t\t\t\t\t\t\t\t\t<img loading=\"lazy\" decoding=\"async\" width=\"3508\" height=\"1299\" src=\"http:\/\/www.collectifjeuxdemain.fr\/wp-content\/uploads\/2024\/09\/couverture-Memory-Magic-Legumes.jpg\" class=\"attachment-full size-full\" alt=\"\" srcset=\"http:\/\/www.collectifjeuxdemain.fr\/wp-content\/uploads\/2024\/09\/couverture-Memory-Magic-Legumes.jpg 3508w, http:\/\/www.collectifjeuxdemain.fr\/wp-content\/uploads\/2024\/09\/couverture-Memory-Magic-Legumes-300x111.jpg 300w, http:\/\/www.collectifjeuxdemain.fr\/wp-content\/uploads\/2024\/09\/couverture-Memory-Magic-Legumes-768x284.jpg 768w, http:\/\/www.collectifjeuxdemain.fr\/wp-content\/uploads\/2024\/09\/couverture-Memory-Magic-Legumes-1024x379.jpg 1024w\" sizes=\"auto, (max-width: 3508px) 100vw, 3508px\" \/>\t\t\t\t\t\t\t\t\t\t\t<\/div>\n\t\t\t\t<\/div>\n\t\t\t\t<\/div>\n\t\t\t\t\t\t<\/div>\n\t\t\t<\/div>\n\t\t<\/div>\n\t\t\t\t\t\t<\/div>\n\t\t\t<\/div>\n\t\t<\/section>\n\t\t\t\t<section class=\"elementor-element elementor-element-6ed58401 elementor-section-boxed elementor-section-height-default elementor-section-height-default elementor-section elementor-top-section\" data-id=\"6ed58401\" data-element_type=\"section\">\n\t\t\t\t\t\t<div class=\"elementor-container elementor-column-gap-default\">\n\t\t\t\t<div class=\"elementor-row\">\n\t\t\t\t<div class=\"elementor-element elementor-element-68b97b91 elementor-column elementor-col-100 elementor-top-column\" data-id=\"68b97b91\" data-element_type=\"column\">\n\t\t\t<div class=\"elementor-column-wrap  elementor-element-populated\">\n\t\t\t\t\t<div class=\"elementor-widget-wrap\">\n\t\t\t\t<div class=\"elementor-element elementor-element-6fc5c96a elementor-position-left elementor-view-default elementor-vertical-align-top elementor-widget elementor-widget-icon-box\" data-id=\"6fc5c96a\" data-element_type=\"widget\" data-widget_type=\"icon-box.default\">\n\t\t\t\t<div class=\"elementor-widget-container\">\n\t\t\t\t\t<div class=\"elementor-icon-box-wrapper\">\n\t\t\t\t\t<div class=\"elementor-icon-box-icon\">\n\t\t\t\t<span class=\"elementor-icon elementor-animation-\" >\n\t\t\t\t<i class=\"fa fa-eye\" aria-hidden=\"true\"><\/i>\n\t\t\t\t<\/span>\n\t\t\t<\/div>\n\t\t\t\t\t\t<div class=\"elementor-icon-box-content\">\n\t\t\t\t<h2 class=\"elementor-icon-box-title\">\n\t\t\t\t\t<span >Memory Magic L\u00e9gumes<\/span>\n\t\t\t\t<\/h2>\n\t\t\t\t<p class=\"elementor-icon-box-description\"><span style=\"font-family: Alegreya, Eczar; font-size: 14px; font-style: normal; font-variant-caps: normal; white-space: normal;\">R\u00e9alisation d'un jeu type memory pour parler des l\u00e9gumes.<\/span><br><\/p>\n\t\t\t<\/div>\n\t\t<\/div>\n\t\t\t\t<\/div>\n\t\t\t\t<\/div>\n\t\t\t\t\t\t<\/div>\n\t\t\t<\/div>\n\t\t<\/div>\n\t\t\t\t\t\t<\/div>\n\t\t\t<\/div>\n\t\t<\/section>\n\t\t\t\t<section class=\"elementor-element elementor-element-771377d8 elementor-section-boxed elementor-section-height-default elementor-section-height-default elementor-section elementor-top-section\" data-id=\"771377d8\" data-element_type=\"section\">\n\t\t\t\t\t\t<div class=\"elementor-container elementor-column-gap-default\">\n\t\t\t\t<div class=\"elementor-row\">\n\t\t\t\t<div class=\"elementor-element elementor-element-5a12fad8 elementor-column elementor-col-66 elementor-top-column\" data-id=\"5a12fad8\" data-element_type=\"column\">\n\t\t\t<div class=\"elementor-column-wrap  elementor-element-populated\">\n\t\t\t\t\t<div class=\"elementor-widget-wrap\">\n\t\t\t\t<div class=\"elementor-element elementor-element-360ea7ee gallery-spacing-custom elementor-widget elementor-widget-image-gallery\" data-id=\"360ea7ee\" data-element_type=\"widget\" data-widget_type=\"image-gallery.default\">\n\t\t\t\t<div class=\"elementor-widget-container\">\n\t\t\t\t\t<div class=\"elementor-image-gallery\">\n\t\t\t<div id='gallery-1' class='gallery galleryid-2635 gallery-columns-2 gallery-size-large'><figure class='gallery-item'>\n\t\t\t<div class='gallery-icon landscape'>\n\t\t\t\t<a data-elementor-open-lightbox=\"default\" data-elementor-lightbox-slideshow=\"360ea7ee\" href='http:\/\/www.collectifjeuxdemain.fr\/wp-content\/uploads\/2024\/09\/IMG_4074.jpg'><img loading=\"lazy\" decoding=\"async\" width=\"1024\" height=\"684\" src=\"http:\/\/www.collectifjeuxdemain.fr\/wp-content\/uploads\/2024\/09\/IMG_4074-1024x684.jpg\" class=\"attachment-large size-large\" alt=\"\" srcset=\"http:\/\/www.collectifjeuxdemain.fr\/wp-content\/uploads\/2024\/09\/IMG_4074-1024x684.jpg 1024w, http:\/\/www.collectifjeuxdemain.fr\/wp-content\/uploads\/2024\/09\/IMG_4074-300x200.jpg 300w, http:\/\/www.collectifjeuxdemain.fr\/wp-content\/uploads\/2024\/09\/IMG_4074-768x513.jpg 768w\" sizes=\"auto, (max-width: 1024px) 100vw, 1024px\" \/><\/a>\n\t\t\t<\/div><\/figure><figure class='gallery-item'>\n\t\t\t<div class='gallery-icon landscape'>\n\t\t\t\t<a data-elementor-open-lightbox=\"default\" data-elementor-lightbox-slideshow=\"360ea7ee\" href='http:\/\/www.collectifjeuxdemain.fr\/wp-content\/uploads\/2024\/09\/IMG_4066.jpg'><img loading=\"lazy\" decoding=\"async\" width=\"1024\" height=\"684\" src=\"http:\/\/www.collectifjeuxdemain.fr\/wp-content\/uploads\/2024\/09\/IMG_4066-1024x684.jpg\" class=\"attachment-large size-large\" alt=\"\" srcset=\"http:\/\/www.collectifjeuxdemain.fr\/wp-content\/uploads\/2024\/09\/IMG_4066-1024x684.jpg 1024w, http:\/\/www.collectifjeuxdemain.fr\/wp-content\/uploads\/2024\/09\/IMG_4066-300x200.jpg 300w, http:\/\/www.collectifjeuxdemain.fr\/wp-content\/uploads\/2024\/09\/IMG_4066-768x513.jpg 768w\" sizes=\"auto, (max-width: 1024px) 100vw, 1024px\" \/><\/a>\n\t\t\t<\/div><\/figure><figure class='gallery-item'>\n\t\t\t<div class='gallery-icon landscape'>\n\t\t\t\t<a data-elementor-open-lightbox=\"default\" data-elementor-lightbox-slideshow=\"360ea7ee\" href='http:\/\/www.collectifjeuxdemain.fr\/wp-content\/uploads\/2024\/09\/IMG_4076.jpg'><img loading=\"lazy\" decoding=\"async\" width=\"1024\" height=\"684\" src=\"http:\/\/www.collectifjeuxdemain.fr\/wp-content\/uploads\/2024\/09\/IMG_4076-1024x684.jpg\" class=\"attachment-large size-large\" alt=\"\" srcset=\"http:\/\/www.collectifjeuxdemain.fr\/wp-content\/uploads\/2024\/09\/IMG_4076-1024x684.jpg 1024w, http:\/\/www.collectifjeuxdemain.fr\/wp-content\/uploads\/2024\/09\/IMG_4076-300x200.jpg 300w, http:\/\/www.collectifjeuxdemain.fr\/wp-content\/uploads\/2024\/09\/IMG_4076-768x513.jpg 768w\" sizes=\"auto, (max-width: 1024px) 100vw, 1024px\" \/><\/a>\n\t\t\t<\/div><\/figure><figure class='gallery-item'>\n\t\t\t<div class='gallery-icon landscape'>\n\t\t\t\t<a data-elementor-open-lightbox=\"default\" data-elementor-lightbox-slideshow=\"360ea7ee\" href='http:\/\/www.collectifjeuxdemain.fr\/wp-content\/uploads\/2024\/09\/IMG_4082.jpg'><img loading=\"lazy\" decoding=\"async\" width=\"1024\" height=\"684\" src=\"http:\/\/www.collectifjeuxdemain.fr\/wp-content\/uploads\/2024\/09\/IMG_4082-1024x684.jpg\" class=\"attachment-large size-large\" alt=\"\" srcset=\"http:\/\/www.collectifjeuxdemain.fr\/wp-content\/uploads\/2024\/09\/IMG_4082-1024x684.jpg 1024w, http:\/\/www.collectifjeuxdemain.fr\/wp-content\/uploads\/2024\/09\/IMG_4082-300x200.jpg 300w, http:\/\/www.collectifjeuxdemain.fr\/wp-content\/uploads\/2024\/09\/IMG_4082-768x513.jpg 768w\" sizes=\"auto, (max-width: 1024px) 100vw, 1024px\" \/><\/a>\n\t\t\t<\/div><\/figure>\n\t\t<\/div>\n\t\t<\/div>\n\t\t\t\t<\/div>\n\t\t\t\t<\/div>\n\t\t\t\t\t\t<\/div>\n\t\t\t<\/div>\n\t\t<\/div>\n\t\t\t\t<div class=\"elementor-element elementor-element-265d4871 elementor-column elementor-col-33 elementor-top-column\" data-id=\"265d4871\" data-element_type=\"column\">\n\t\t\t<div class=\"elementor-column-wrap  elementor-element-populated\">\n\t\t\t\t\t<div class=\"elementor-widget-wrap\">\n\t\t\t\t<div class=\"elementor-element elementor-element-19364984 elementor-widget elementor-widget-heading\" data-id=\"19364984\" data-element_type=\"widget\" data-widget_type=\"heading.default\">\n\t\t\t\t<div class=\"elementor-widget-container\">\n\t\t\t<h5 class=\"elementor-heading-title elementor-size-small\">FABRICATION D'UN jeu de carte m\u00e9mory<\/h5>\t\t<\/div>\n\t\t\t\t<\/div>\n\t\t\t\t<div class=\"elementor-element elementor-element-27d6531f elementor-widget elementor-widget-text-editor\" data-id=\"27d6531f\" data-element_type=\"widget\" data-widget_type=\"text-editor.default\">\n\t\t\t\t<div class=\"elementor-widget-container\">\n\t\t\t\t\t<div class=\"elementor-text-editor elementor-clearfix\"><div>Gr\u00e2ce \u00e0 ce jeu, les participant.es pourront r\u00e9viser leur r\u00e9pertoire de l\u00e9gumes et faire travailler leur m\u00e9moire. Pour commencer, chacun\u00b7e est amen\u00e9 \u00e0 reconna\u00eetre les l\u00e9gumes pr\u00e9sent\u00e9s. Dans la s\u00e9lection, de nombreux l\u00e9gumes sont nomm\u00e9s des l\u00e9gumes oubli\u00e9s&nbsp;;\u00a0 le salsifis que l&rsquo;on ne conna\u00eet que sous sa forme cuisin\u00e9e. Ensuite il faut tamponner le l\u00e9gume sur la carte qui correspond au tampon. L&rsquo;\u00e9tape suivante consiste \u00e0 mettre en couleur son duo de cartes l\u00e9gumes avec la technique du marbling. Pour finir, ne pas oublier de s&rsquo;amuser en jouant au m\u00e9mory. <br \/>Ainsi, \u00e0 la fin de l&rsquo;atelier, un jeu collectif est cr\u00e9\u00e9.<\/div><\/div>\n\t\t\t\t<\/div>\n\t\t\t\t<\/div>\n\t\t\t\t<div class=\"elementor-element elementor-element-58d1dabd elementor-widget elementor-widget-heading\" data-id=\"58d1dabd\" data-element_type=\"widget\" data-widget_type=\"heading.default\">\n\t\t\t\t<div class=\"elementor-widget-container\">\n\t\t\t<h4 class=\"elementor-heading-title elementor-size-default\">Personnaliser un jeu type m\u00e9mory sur les l\u00e9gumes.<br><\/h4>\t\t<\/div>\n\t\t\t\t<\/div>\n\t\t\t\t<div class=\"elementor-element elementor-element-4b7c5157 elementor-button-danger elementor-invisible elementor-widget elementor-widget-button\" data-id=\"4b7c5157\" data-element_type=\"widget\" data-settings=\"{&quot;_animation&quot;:&quot;fadeIn&quot;}\" data-widget_type=\"button.default\">\n\t\t\t\t<div class=\"elementor-widget-container\">\n\t\t\t\t\t<div class=\"elementor-button-wrapper\">\n\t\t\t<a href=\"http:\/\/www.collectifjeuxdemain.fr\/wp-content\/uploads\/2025\/06\/Fiche-Memory-magic-legumes-2025.pdf\" class=\"elementor-button-link elementor-button elementor-size-xs\" target=\"_blank\" role=\"button\">\n\t\t\t\t\t\t<span class=\"elementor-button-content-wrapper\">\n\t\t\t\t\t\t<span class=\"elementor-button-icon elementor-align-icon-left\">\n\t\t\t\t<i class=\"fa fa-briefcase\" aria-hidden=\"true\"><\/i>\n\t\t\t<\/span>\n\t\t\t\t\t\t<span class=\"elementor-button-text\">FICHE DE L'ATELIER<\/span>\n\t\t<\/span>\n\t\t\t\t\t<\/a>\n\t\t<\/div>\n\t\t\t\t<\/div>\n\t\t\t\t<\/div>\n\t\t\t\t\t\t<\/div>\n\t\t\t<\/div>\n\t\t<\/div>\n\t\t\t\t\t\t<\/div>\n\t\t\t<\/div>\n\t\t<\/section>\n\t\t\t\t<section class=\"elementor-element elementor-element-198179f7 elementor-section-boxed elementor-section-height-default elementor-section-height-default elementor-section elementor-top-section\" data-id=\"198179f7\" data-element_type=\"section\">\n\t\t\t\t\t\t<div class=\"elementor-container elementor-column-gap-default\">\n\t\t\t\t<div class=\"elementor-row\">\n\t\t\t\t<div class=\"elementor-element elementor-element-577bc37a elementor-column elementor-col-100 elementor-top-column\" data-id=\"577bc37a\" data-element_type=\"column\">\n\t\t\t<div class=\"elementor-column-wrap  elementor-element-populated\">\n\t\t\t\t\t<div class=\"elementor-widget-wrap\">\n\t\t\t\t<div class=\"elementor-element elementor-element-30dddcf6 elementor-widget elementor-widget-image\" data-id=\"30dddcf6\" data-element_type=\"widget\" data-widget_type=\"image.default\">\n\t\t\t\t<div class=\"elementor-widget-container\">\n\t\t\t\t\t<div class=\"elementor-image\">\n\t\t\t\t\t\t\t<figure class=\"wp-caption\">\n\t\t\t\t\t\t\t\t\t\t<img loading=\"lazy\" decoding=\"async\" width=\"2816\" height=\"1880\" src=\"http:\/\/www.collectifjeuxdemain.fr\/wp-content\/uploads\/2024\/09\/final-Memory-Magic-Legumes.jpg\" class=\"attachment-full size-full\" alt=\"\" srcset=\"http:\/\/www.collectifjeuxdemain.fr\/wp-content\/uploads\/2024\/09\/final-Memory-Magic-Legumes.jpg 2816w, http:\/\/www.collectifjeuxdemain.fr\/wp-content\/uploads\/2024\/09\/final-Memory-Magic-Legumes-300x200.jpg 300w, http:\/\/www.collectifjeuxdemain.fr\/wp-content\/uploads\/2024\/09\/final-Memory-Magic-Legumes-768x513.jpg 768w, http:\/\/www.collectifjeuxdemain.fr\/wp-content\/uploads\/2024\/09\/final-Memory-Magic-Legumes-1024x684.jpg 1024w\" sizes=\"auto, (max-width: 2816px) 100vw, 2816px\" \/>\t\t\t\t\t\t\t\t\t\t\t<figcaption class=\"widget-image-caption wp-caption-text\">Cartes finales du jeu <\/figcaption>\n\t\t\t\t\t\t\t\t\t\t<\/figure>\n\t\t\t\t\t<\/div>\n\t\t\t\t<\/div>\n\t\t\t\t<\/div>\n\t\t\t\t\t\t<\/div>\n\t\t\t<\/div>\n\t\t<\/div>\n\t\t\t\t\t\t<\/div>\n\t\t\t<\/div>\n\t\t<\/section>\n\t\t\t\t\t\t<\/div>\n\t\t\t<\/div>\n\t\t<\/div>\n\t\t","protected":false},"excerpt":{"rendered":"<p>Memory Magic L\u00e9gumes R\u00e9alisation d&rsquo;un jeu type memory pour parler des l\u00e9gumes. FABRICATION D&rsquo;UN jeu de carte m\u00e9mory Gr\u00e2ce \u00e0 ce jeu, les participant.es pourront r\u00e9viser leur r\u00e9pertoire de l\u00e9gumes et faire travailler leur m\u00e9moire. Pour commencer, chacun\u00b7e est amen\u00e9 \u00e0 reconna\u00eetre les l\u00e9gumes pr\u00e9sent\u00e9s. Dans la s\u00e9lection, de nombreux l\u00e9gumes sont nomm\u00e9s des l\u00e9gumes [&hellip;]<\/p>\n","protected":false},"author":1,"featured_media":0,"parent":0,"menu_order":0,"comment_status":"closed","ping_status":"closed","template":"","meta":{"footnotes":""},"class_list":["post-2635","page","type-page","status-publish","hentry","entry"],"_links":{"self":[{"href":"http:\/\/www.collectifjeuxdemain.fr\/index.php?rest_route=\/wp\/v2\/pages\/2635","targetHints":{"allow":["GET"]}}],"collection":[{"href":"http:\/\/www.collectifjeuxdemain.fr\/index.php?rest_route=\/wp\/v2\/pages"}],"about":[{"href":"http:\/\/www.collectifjeuxdemain.fr\/index.php?rest_route=\/wp\/v2\/types\/page"}],"author":[{"embeddable":true,"href":"http:\/\/www.collectifjeuxdemain.fr\/index.php?rest_route=\/wp\/v2\/users\/1"}],"replies":[{"embeddable":true,"href":"http:\/\/www.collectifjeuxdemain.fr\/index.php?rest_route=%2Fwp%2Fv2%2Fcomments&post=2635"}],"version-history":[{"count":13,"href":"http:\/\/www.collectifjeuxdemain.fr\/index.php?rest_route=\/wp\/v2\/pages\/2635\/revisions"}],"predecessor-version":[{"id":3173,"href":"http:\/\/www.collectifjeuxdemain.fr\/index.php?rest_route=\/wp\/v2\/pages\/2635\/revisions\/3173"}],"wp:attachment":[{"href":"http:\/\/www.collectifjeuxdemain.fr\/index.php?rest_route=%2Fwp%2Fv2%2Fmedia&parent=2635"}],"curies":[{"name":"wp","href":"https:\/\/api.w.org\/{rel}","templated":true}]}}