{"id":2395,"date":"2023-07-26T11:00:19","date_gmt":"2023-07-26T09:00:19","guid":{"rendered":"http:\/\/www.collectifjeuxdemain.fr\/?page_id=2395"},"modified":"2025-06-23T16:13:28","modified_gmt":"2025-06-23T14:13:28","slug":"cartographie-sensible","status":"publish","type":"page","link":"http:\/\/www.collectifjeuxdemain.fr\/?page_id=2395","title":{"rendered":"Cartographie sensible"},"content":{"rendered":"\t\t<div data-elementor-type=\"post\" data-elementor-id=\"2395\" class=\"elementor elementor-2395\" data-elementor-settings=\"[]\">\n\t\t\t<div class=\"elementor-inner\">\n\t\t\t\t<div class=\"elementor-section-wrap\">\n\t\t\t\t\t\t\t<section class=\"elementor-element elementor-element-67159053 elementor-section-boxed elementor-section-height-default elementor-section-height-default elementor-section elementor-top-section\" data-id=\"67159053\" data-element_type=\"section\">\n\t\t\t\t\t\t<div class=\"elementor-container elementor-column-gap-default\">\n\t\t\t\t<div class=\"elementor-row\">\n\t\t\t\t<div class=\"elementor-element elementor-element-4483c3ca elementor-column elementor-col-100 elementor-top-column\" data-id=\"4483c3ca\" data-element_type=\"column\">\n\t\t\t<div class=\"elementor-column-wrap  elementor-element-populated\">\n\t\t\t\t\t<div class=\"elementor-widget-wrap\">\n\t\t\t\t<div class=\"elementor-element elementor-element-3b1ef90d elementor-widget elementor-widget-image\" data-id=\"3b1ef90d\" data-element_type=\"widget\" data-widget_type=\"image.default\">\n\t\t\t\t<div class=\"elementor-widget-container\">\n\t\t\t\t\t<div class=\"elementor-image\">\n\t\t\t\t\t\t\t\t\t\t<img loading=\"lazy\" decoding=\"async\" width=\"3508\" height=\"1299\" src=\"http:\/\/www.collectifjeuxdemain.fr\/wp-content\/uploads\/2023\/07\/couverture-cartographie-sensible.jpg\" class=\"attachment-full size-full\" alt=\"\" srcset=\"http:\/\/www.collectifjeuxdemain.fr\/wp-content\/uploads\/2023\/07\/couverture-cartographie-sensible.jpg 3508w, http:\/\/www.collectifjeuxdemain.fr\/wp-content\/uploads\/2023\/07\/couverture-cartographie-sensible-300x111.jpg 300w, http:\/\/www.collectifjeuxdemain.fr\/wp-content\/uploads\/2023\/07\/couverture-cartographie-sensible-768x284.jpg 768w, http:\/\/www.collectifjeuxdemain.fr\/wp-content\/uploads\/2023\/07\/couverture-cartographie-sensible-1024x379.jpg 1024w\" sizes=\"auto, (max-width: 3508px) 100vw, 3508px\" \/>\t\t\t\t\t\t\t\t\t\t\t<\/div>\n\t\t\t\t<\/div>\n\t\t\t\t<\/div>\n\t\t\t\t\t\t<\/div>\n\t\t\t<\/div>\n\t\t<\/div>\n\t\t\t\t\t\t<\/div>\n\t\t\t<\/div>\n\t\t<\/section>\n\t\t\t\t<section class=\"elementor-element elementor-element-129efc05 elementor-section-boxed elementor-section-height-default elementor-section-height-default elementor-section elementor-top-section\" data-id=\"129efc05\" data-element_type=\"section\">\n\t\t\t\t\t\t<div class=\"elementor-container elementor-column-gap-default\">\n\t\t\t\t<div class=\"elementor-row\">\n\t\t\t\t<div class=\"elementor-element elementor-element-1fd1d515 elementor-column elementor-col-100 elementor-top-column\" data-id=\"1fd1d515\" data-element_type=\"column\">\n\t\t\t<div class=\"elementor-column-wrap  elementor-element-populated\">\n\t\t\t\t\t<div class=\"elementor-widget-wrap\">\n\t\t\t\t<div class=\"elementor-element elementor-element-746ac56 elementor-position-left elementor-view-default elementor-vertical-align-top elementor-widget elementor-widget-icon-box\" data-id=\"746ac56\" data-element_type=\"widget\" data-widget_type=\"icon-box.default\">\n\t\t\t\t<div class=\"elementor-widget-container\">\n\t\t\t\t\t<div class=\"elementor-icon-box-wrapper\">\n\t\t\t\t\t<div class=\"elementor-icon-box-icon\">\n\t\t\t\t<span class=\"elementor-icon elementor-animation-\" >\n\t\t\t\t<i class=\"fa fa-eye\" aria-hidden=\"true\"><\/i>\n\t\t\t\t<\/span>\n\t\t\t<\/div>\n\t\t\t\t\t\t<div class=\"elementor-icon-box-content\">\n\t\t\t\t<h2 class=\"elementor-icon-box-title\">\n\t\t\t\t\t<span >Cartographie sensible<\/span>\n\t\t\t\t<\/h2>\n\t\t\t\t<p class=\"elementor-icon-box-description\"><span style=\"font-family: Alegreya, Eczar; font-size: 14px; font-style: normal; font-variant-caps: normal; white-space: normal;\">R\u00e9alisation d'une carte collective pour d\u00e9couvrir la nature autour de soi.<\/span><\/p>\n\t\t\t<\/div>\n\t\t<\/div>\n\t\t\t\t<\/div>\n\t\t\t\t<\/div>\n\t\t\t\t\t\t<\/div>\n\t\t\t<\/div>\n\t\t<\/div>\n\t\t\t\t\t\t<\/div>\n\t\t\t<\/div>\n\t\t<\/section>\n\t\t\t\t<section class=\"elementor-element elementor-element-1da53b5d elementor-section-boxed elementor-section-height-default elementor-section-height-default elementor-section elementor-top-section\" data-id=\"1da53b5d\" data-element_type=\"section\">\n\t\t\t\t\t\t<div class=\"elementor-container elementor-column-gap-default\">\n\t\t\t\t<div class=\"elementor-row\">\n\t\t\t\t<div class=\"elementor-element elementor-element-32d405e4 elementor-column elementor-col-66 elementor-top-column\" data-id=\"32d405e4\" data-element_type=\"column\">\n\t\t\t<div class=\"elementor-column-wrap  elementor-element-populated\">\n\t\t\t\t\t<div class=\"elementor-widget-wrap\">\n\t\t\t\t<div class=\"elementor-element elementor-element-7365dbab gallery-spacing-custom elementor-widget elementor-widget-image-gallery\" data-id=\"7365dbab\" data-element_type=\"widget\" data-widget_type=\"image-gallery.default\">\n\t\t\t\t<div class=\"elementor-widget-container\">\n\t\t\t\t\t<div class=\"elementor-image-gallery\">\n\t\t\t<div id='gallery-1' class='gallery galleryid-2395 gallery-columns-2 gallery-size-large'><figure class='gallery-item'>\n\t\t\t<div class='gallery-icon landscape'>\n\t\t\t\t<a data-elementor-open-lightbox=\"default\" data-elementor-lightbox-slideshow=\"7365dbab\" href='http:\/\/www.collectifjeuxdemain.fr\/wp-content\/uploads\/2023\/07\/seance-1-Simon-veil-4.jpg'><img loading=\"lazy\" decoding=\"async\" width=\"1024\" height=\"684\" src=\"http:\/\/www.collectifjeuxdemain.fr\/wp-content\/uploads\/2023\/07\/seance-1-Simon-veil-4-1024x684.jpg\" class=\"attachment-large size-large\" alt=\"\" srcset=\"http:\/\/www.collectifjeuxdemain.fr\/wp-content\/uploads\/2023\/07\/seance-1-Simon-veil-4-1024x684.jpg 1024w, http:\/\/www.collectifjeuxdemain.fr\/wp-content\/uploads\/2023\/07\/seance-1-Simon-veil-4-300x200.jpg 300w, http:\/\/www.collectifjeuxdemain.fr\/wp-content\/uploads\/2023\/07\/seance-1-Simon-veil-4-768x513.jpg 768w\" sizes=\"auto, (max-width: 1024px) 100vw, 1024px\" \/><\/a>\n\t\t\t<\/div><\/figure><figure class='gallery-item'>\n\t\t\t<div class='gallery-icon landscape'>\n\t\t\t\t<a data-elementor-open-lightbox=\"default\" data-elementor-lightbox-slideshow=\"7365dbab\" href='http:\/\/www.collectifjeuxdemain.fr\/wp-content\/uploads\/2023\/07\/seance-2-Simon-veil-6.jpg'><img loading=\"lazy\" decoding=\"async\" width=\"1024\" height=\"684\" src=\"http:\/\/www.collectifjeuxdemain.fr\/wp-content\/uploads\/2023\/07\/seance-2-Simon-veil-6-1024x684.jpg\" class=\"attachment-large size-large\" alt=\"\" srcset=\"http:\/\/www.collectifjeuxdemain.fr\/wp-content\/uploads\/2023\/07\/seance-2-Simon-veil-6-1024x684.jpg 1024w, http:\/\/www.collectifjeuxdemain.fr\/wp-content\/uploads\/2023\/07\/seance-2-Simon-veil-6-300x200.jpg 300w, http:\/\/www.collectifjeuxdemain.fr\/wp-content\/uploads\/2023\/07\/seance-2-Simon-veil-6-768x513.jpg 768w\" sizes=\"auto, (max-width: 1024px) 100vw, 1024px\" \/><\/a>\n\t\t\t<\/div><\/figure><figure class='gallery-item'>\n\t\t\t<div class='gallery-icon landscape'>\n\t\t\t\t<a data-elementor-open-lightbox=\"default\" data-elementor-lightbox-slideshow=\"7365dbab\" href='http:\/\/www.collectifjeuxdemain.fr\/wp-content\/uploads\/2023\/07\/seance-2-Simon-veil-9.jpg'><img loading=\"lazy\" decoding=\"async\" width=\"1024\" height=\"684\" src=\"http:\/\/www.collectifjeuxdemain.fr\/wp-content\/uploads\/2023\/07\/seance-2-Simon-veil-9-1024x684.jpg\" class=\"attachment-large size-large\" alt=\"\" srcset=\"http:\/\/www.collectifjeuxdemain.fr\/wp-content\/uploads\/2023\/07\/seance-2-Simon-veil-9-1024x684.jpg 1024w, http:\/\/www.collectifjeuxdemain.fr\/wp-content\/uploads\/2023\/07\/seance-2-Simon-veil-9-300x200.jpg 300w, http:\/\/www.collectifjeuxdemain.fr\/wp-content\/uploads\/2023\/07\/seance-2-Simon-veil-9-768x513.jpg 768w\" sizes=\"auto, (max-width: 1024px) 100vw, 1024px\" \/><\/a>\n\t\t\t<\/div><\/figure><figure class='gallery-item'>\n\t\t\t<div class='gallery-icon landscape'>\n\t\t\t\t<a data-elementor-open-lightbox=\"default\" data-elementor-lightbox-slideshow=\"7365dbab\" href='http:\/\/www.collectifjeuxdemain.fr\/wp-content\/uploads\/2023\/07\/IMG_4971.jpg'><img loading=\"lazy\" decoding=\"async\" width=\"1024\" height=\"683\" src=\"http:\/\/www.collectifjeuxdemain.fr\/wp-content\/uploads\/2023\/07\/IMG_4971-1024x683.jpg\" class=\"attachment-large size-large\" alt=\"\" srcset=\"http:\/\/www.collectifjeuxdemain.fr\/wp-content\/uploads\/2023\/07\/IMG_4971-1024x683.jpg 1024w, http:\/\/www.collectifjeuxdemain.fr\/wp-content\/uploads\/2023\/07\/IMG_4971-300x200.jpg 300w, http:\/\/www.collectifjeuxdemain.fr\/wp-content\/uploads\/2023\/07\/IMG_4971-768x513.jpg 768w\" sizes=\"auto, (max-width: 1024px) 100vw, 1024px\" \/><\/a>\n\t\t\t<\/div><\/figure>\n\t\t<\/div>\n\t\t<\/div>\n\t\t\t\t<\/div>\n\t\t\t\t<\/div>\n\t\t\t\t\t\t<\/div>\n\t\t\t<\/div>\n\t\t<\/div>\n\t\t\t\t<div class=\"elementor-element elementor-element-755d9ff elementor-column elementor-col-33 elementor-top-column\" data-id=\"755d9ff\" data-element_type=\"column\">\n\t\t\t<div class=\"elementor-column-wrap  elementor-element-populated\">\n\t\t\t\t\t<div class=\"elementor-widget-wrap\">\n\t\t\t\t<div class=\"elementor-element elementor-element-7c93f7bc elementor-widget elementor-widget-heading\" data-id=\"7c93f7bc\" data-element_type=\"widget\" data-widget_type=\"heading.default\">\n\t\t\t\t<div class=\"elementor-widget-container\">\n\t\t\t<h5 class=\"elementor-heading-title elementor-size-small\">FABRICATION D'UNE CARTE sur la nature<\/h5>\t\t<\/div>\n\t\t\t\t<\/div>\n\t\t\t\t<div class=\"elementor-element elementor-element-23ca91c5 elementor-widget elementor-widget-text-editor\" data-id=\"23ca91c5\" data-element_type=\"widget\" data-widget_type=\"text-editor.default\">\n\t\t\t\t<div class=\"elementor-widget-container\">\n\t\t\t\t\t<div class=\"elementor-text-editor elementor-clearfix\"><p><span style=\"font-size: 14px; letter-spacing: 0.3px;\">Dans l&rsquo;objectif d&rsquo;observer la nature autour de soi, nous avons propos\u00e9 \u00e0 8 classes de Villeurbanne (du CP au CE2) de cr\u00e9er une carte collective. Pour cela, nous avons \u00e9tudier sa construction afin de comprendre comment elle est organis\u00e9e, les informations qui nous sont donn\u00e9es. Ensuite, nous sommes all\u00e9.es dans un parc autour des \u00e9coles, et nous avons \u00e9t\u00e9 attentif.ves aux \u00e9l\u00e9ments naturels, en les dessinant et les \u00e9coutant. Suite \u00e0 la sortie, les enfants ont pu choisir un dessin, le parfaire s&rsquo;iels le voulaient, inventer une histoire qui l&rsquo;illustre et cr\u00e9er un pictogramme \u00e0 aposer sur la carte. La totalit\u00e9 de la carte est ainsi faite par les \u00e9l\u00e8ves qui r\u00e9alisent aussi le fond de carte, les l\u00e9gendes, &#8230; Suite aux 5 ateliers, les enfants ont pu comprendre \u00e0 utiliser une carte, et \u00e0 faire la leur. Iles peuvent retourner se promener au parc en d\u00e9couvrant les histoires et dessins des autres.<br \/><\/span><\/p><\/div>\n\t\t\t\t<\/div>\n\t\t\t\t<\/div>\n\t\t\t\t<div class=\"elementor-element elementor-element-4b722ea9 elementor-widget elementor-widget-heading\" data-id=\"4b722ea9\" data-element_type=\"widget\" data-widget_type=\"heading.default\">\n\t\t\t\t<div class=\"elementor-widget-container\">\n\t\t\t<h4 class=\"elementor-heading-title elementor-size-default\">Faire la carte d\u2019un territoire commun, en s'int\u00e9ressant \u00e0 la nature.<br><\/h4>\t\t<\/div>\n\t\t\t\t<\/div>\n\t\t\t\t<div class=\"elementor-element elementor-element-3c41d6b3 elementor-button-danger elementor-invisible elementor-widget elementor-widget-button\" data-id=\"3c41d6b3\" data-element_type=\"widget\" data-settings=\"{&quot;_animation&quot;:&quot;fadeIn&quot;}\" data-widget_type=\"button.default\">\n\t\t\t\t<div class=\"elementor-widget-container\">\n\t\t\t\t\t<div class=\"elementor-button-wrapper\">\n\t\t\t<a href=\"http:\/\/www.collectifjeuxdemain.fr\/wp-content\/uploads\/2025\/06\/Fiche-cartographie-sensible-2025.pdf\" class=\"elementor-button-link elementor-button elementor-size-xs\" target=\"_blank\" role=\"button\">\n\t\t\t\t\t\t<span class=\"elementor-button-content-wrapper\">\n\t\t\t\t\t\t<span class=\"elementor-button-icon elementor-align-icon-left\">\n\t\t\t\t<i class=\"fa fa-briefcase\" aria-hidden=\"true\"><\/i>\n\t\t\t<\/span>\n\t\t\t\t\t\t<span class=\"elementor-button-text\">FICHE DE L'ATELIER<\/span>\n\t\t<\/span>\n\t\t\t\t\t<\/a>\n\t\t<\/div>\n\t\t\t\t<\/div>\n\t\t\t\t<\/div>\n\t\t\t\t\t\t<\/div>\n\t\t\t<\/div>\n\t\t<\/div>\n\t\t\t\t\t\t<\/div>\n\t\t\t<\/div>\n\t\t<\/section>\n\t\t\t\t<section class=\"elementor-element elementor-element-298562f8 elementor-section-boxed elementor-section-height-default elementor-section-height-default elementor-section elementor-top-section\" data-id=\"298562f8\" data-element_type=\"section\">\n\t\t\t\t\t\t<div class=\"elementor-container elementor-column-gap-default\">\n\t\t\t\t<div class=\"elementor-row\">\n\t\t\t\t<div class=\"elementor-element elementor-element-50c8438b elementor-column elementor-col-100 elementor-top-column\" data-id=\"50c8438b\" data-element_type=\"column\">\n\t\t\t<div class=\"elementor-column-wrap  elementor-element-populated\">\n\t\t\t\t\t<div class=\"elementor-widget-wrap\">\n\t\t\t\t<div class=\"elementor-element elementor-element-53884d1b elementor-widget elementor-widget-image\" data-id=\"53884d1b\" data-element_type=\"widget\" data-widget_type=\"image.default\">\n\t\t\t\t<div class=\"elementor-widget-container\">\n\t\t\t\t\t<div class=\"elementor-image\">\n\t\t\t\t\t\t\t\t\t\t<img loading=\"lazy\" decoding=\"async\" width=\"2816\" height=\"1880\" src=\"http:\/\/www.collectifjeuxdemain.fr\/wp-content\/uploads\/2023\/07\/final-cartographie-sensible.jpg\" class=\"attachment-full size-full\" alt=\"\" srcset=\"http:\/\/www.collectifjeuxdemain.fr\/wp-content\/uploads\/2023\/07\/final-cartographie-sensible.jpg 2816w, http:\/\/www.collectifjeuxdemain.fr\/wp-content\/uploads\/2023\/07\/final-cartographie-sensible-300x200.jpg 300w, http:\/\/www.collectifjeuxdemain.fr\/wp-content\/uploads\/2023\/07\/final-cartographie-sensible-768x513.jpg 768w, http:\/\/www.collectifjeuxdemain.fr\/wp-content\/uploads\/2023\/07\/final-cartographie-sensible-1024x684.jpg 1024w\" sizes=\"auto, (max-width: 2816px) 100vw, 2816px\" \/>\t\t\t\t\t\t\t\t\t\t\t<\/div>\n\t\t\t\t<\/div>\n\t\t\t\t<\/div>\n\t\t\t\t\t\t<\/div>\n\t\t\t<\/div>\n\t\t<\/div>\n\t\t\t\t\t\t<\/div>\n\t\t\t<\/div>\n\t\t<\/section>\n\t\t\t\t\t\t<\/div>\n\t\t\t<\/div>\n\t\t<\/div>\n\t\t","protected":false},"excerpt":{"rendered":"<p>Cartographie sensible R\u00e9alisation d&rsquo;une carte collective pour d\u00e9couvrir la nature autour de soi. FABRICATION D&rsquo;UNE CARTE sur la nature Dans l&rsquo;objectif d&rsquo;observer la nature autour de soi, nous avons propos\u00e9 \u00e0 8 classes de Villeurbanne (du CP au CE2) de cr\u00e9er une carte collective. Pour cela, nous avons \u00e9tudier sa construction afin de comprendre comment [&hellip;]<\/p>\n","protected":false},"author":1,"featured_media":0,"parent":0,"menu_order":0,"comment_status":"closed","ping_status":"closed","template":"","meta":{"footnotes":""},"class_list":["post-2395","page","type-page","status-publish","hentry","entry"],"_links":{"self":[{"href":"http:\/\/www.collectifjeuxdemain.fr\/index.php?rest_route=\/wp\/v2\/pages\/2395","targetHints":{"allow":["GET"]}}],"collection":[{"href":"http:\/\/www.collectifjeuxdemain.fr\/index.php?rest_route=\/wp\/v2\/pages"}],"about":[{"href":"http:\/\/www.collectifjeuxdemain.fr\/index.php?rest_route=\/wp\/v2\/types\/page"}],"author":[{"embeddable":true,"href":"http:\/\/www.collectifjeuxdemain.fr\/index.php?rest_route=\/wp\/v2\/users\/1"}],"replies":[{"embeddable":true,"href":"http:\/\/www.collectifjeuxdemain.fr\/index.php?rest_route=%2Fwp%2Fv2%2Fcomments&post=2395"}],"version-history":[{"count":10,"href":"http:\/\/www.collectifjeuxdemain.fr\/index.php?rest_route=\/wp\/v2\/pages\/2395\/revisions"}],"predecessor-version":[{"id":3105,"href":"http:\/\/www.collectifjeuxdemain.fr\/index.php?rest_route=\/wp\/v2\/pages\/2395\/revisions\/3105"}],"wp:attachment":[{"href":"http:\/\/www.collectifjeuxdemain.fr\/index.php?rest_route=%2Fwp%2Fv2%2Fmedia&parent=2395"}],"curies":[{"name":"wp","href":"https:\/\/api.w.org\/{rel}","templated":true}]}}