{"id":2043,"date":"2022-11-17T11:13:16","date_gmt":"2022-11-17T10:13:16","guid":{"rendered":"http:\/\/www.collectifjeuxdemain.fr\/?page_id=2043"},"modified":"2025-06-23T16:36:06","modified_gmt":"2025-06-23T14:36:06","slug":"lieux-ideaux","status":"publish","type":"page","link":"http:\/\/www.collectifjeuxdemain.fr\/?page_id=2043","title":{"rendered":"Lieux id\u00e9aux"},"content":{"rendered":"\t\t<div data-elementor-type=\"post\" data-elementor-id=\"2043\" class=\"elementor elementor-2043\" data-elementor-settings=\"[]\">\n\t\t\t<div class=\"elementor-inner\">\n\t\t\t\t<div class=\"elementor-section-wrap\">\n\t\t\t\t\t\t\t<section class=\"elementor-element elementor-element-73288528 elementor-section-boxed elementor-section-height-default elementor-section-height-default elementor-section elementor-top-section\" data-id=\"73288528\" data-element_type=\"section\">\n\t\t\t\t\t\t<div class=\"elementor-container elementor-column-gap-default\">\n\t\t\t\t<div class=\"elementor-row\">\n\t\t\t\t<div class=\"elementor-element elementor-element-542ebedf elementor-column elementor-col-100 elementor-top-column\" data-id=\"542ebedf\" data-element_type=\"column\">\n\t\t\t<div class=\"elementor-column-wrap  elementor-element-populated\">\n\t\t\t\t\t<div class=\"elementor-widget-wrap\">\n\t\t\t\t<div class=\"elementor-element elementor-element-555f0fb2 elementor-widget elementor-widget-image\" data-id=\"555f0fb2\" data-element_type=\"widget\" data-widget_type=\"image.default\">\n\t\t\t\t<div class=\"elementor-widget-container\">\n\t\t\t\t\t<div class=\"elementor-image\">\n\t\t\t\t\t\t\t\t\t\t<img loading=\"lazy\" decoding=\"async\" width=\"1024\" height=\"379\" src=\"http:\/\/www.collectifjeuxdemain.fr\/wp-content\/uploads\/2022\/10\/Lieu-ideal-couverture-1024x379.jpg\" class=\"attachment-large size-large\" alt=\"\" srcset=\"http:\/\/www.collectifjeuxdemain.fr\/wp-content\/uploads\/2022\/10\/Lieu-ideal-couverture-1024x379.jpg 1024w, http:\/\/www.collectifjeuxdemain.fr\/wp-content\/uploads\/2022\/10\/Lieu-ideal-couverture-300x111.jpg 300w, http:\/\/www.collectifjeuxdemain.fr\/wp-content\/uploads\/2022\/10\/Lieu-ideal-couverture-768x284.jpg 768w\" sizes=\"auto, (max-width: 1024px) 100vw, 1024px\" \/>\t\t\t\t\t\t\t\t\t\t\t<\/div>\n\t\t\t\t<\/div>\n\t\t\t\t<\/div>\n\t\t\t\t\t\t<\/div>\n\t\t\t<\/div>\n\t\t<\/div>\n\t\t\t\t\t\t<\/div>\n\t\t\t<\/div>\n\t\t<\/section>\n\t\t\t\t<section class=\"elementor-element elementor-element-19c22870 elementor-section-boxed elementor-section-height-default elementor-section-height-default elementor-section elementor-top-section\" data-id=\"19c22870\" data-element_type=\"section\">\n\t\t\t\t\t\t<div class=\"elementor-container elementor-column-gap-default\">\n\t\t\t\t<div class=\"elementor-row\">\n\t\t\t\t<div class=\"elementor-element elementor-element-98edba9 elementor-column elementor-col-100 elementor-top-column\" data-id=\"98edba9\" data-element_type=\"column\">\n\t\t\t<div class=\"elementor-column-wrap  elementor-element-populated\">\n\t\t\t\t\t<div class=\"elementor-widget-wrap\">\n\t\t\t\t<div class=\"elementor-element elementor-element-5b57ba21 elementor-position-left elementor-view-default elementor-vertical-align-top elementor-widget elementor-widget-icon-box\" data-id=\"5b57ba21\" data-element_type=\"widget\" data-widget_type=\"icon-box.default\">\n\t\t\t\t<div class=\"elementor-widget-container\">\n\t\t\t\t\t<div class=\"elementor-icon-box-wrapper\">\n\t\t\t\t\t<div class=\"elementor-icon-box-icon\">\n\t\t\t\t<span class=\"elementor-icon elementor-animation-\" >\n\t\t\t\t<i class=\"fa fa-eye\" aria-hidden=\"true\"><\/i>\n\t\t\t\t<\/span>\n\t\t\t<\/div>\n\t\t\t\t\t\t<div class=\"elementor-icon-box-content\">\n\t\t\t\t<h2 class=\"elementor-icon-box-title\">\n\t\t\t\t\t<span >Lieux id\u00e9aux<\/span>\n\t\t\t\t<\/h2>\n\t\t\t\t<p class=\"elementor-icon-box-description\"><span style=\"font-family: Alegreya, Eczar; font-size: 14px; font-style: normal; font-variant-caps: normal; white-space: normal;\">R\u00e9alisation d'un plan pour pr\u00e9senter son lieu de vie r\u00eav\u00e9. <\/span><\/p>\n\t\t\t<\/div>\n\t\t<\/div>\n\t\t\t\t<\/div>\n\t\t\t\t<\/div>\n\t\t\t\t\t\t<\/div>\n\t\t\t<\/div>\n\t\t<\/div>\n\t\t\t\t\t\t<\/div>\n\t\t\t<\/div>\n\t\t<\/section>\n\t\t\t\t<section class=\"elementor-element elementor-element-146a47a4 elementor-section-boxed elementor-section-height-default elementor-section-height-default elementor-section elementor-top-section\" data-id=\"146a47a4\" data-element_type=\"section\">\n\t\t\t\t\t\t<div class=\"elementor-container elementor-column-gap-default\">\n\t\t\t\t<div class=\"elementor-row\">\n\t\t\t\t<div class=\"elementor-element elementor-element-58f25e9c elementor-column elementor-col-66 elementor-top-column\" data-id=\"58f25e9c\" data-element_type=\"column\">\n\t\t\t<div class=\"elementor-column-wrap  elementor-element-populated\">\n\t\t\t\t\t<div class=\"elementor-widget-wrap\">\n\t\t\t\t<div class=\"elementor-element elementor-element-20f68c8e gallery-spacing-custom elementor-widget elementor-widget-image-gallery\" data-id=\"20f68c8e\" data-element_type=\"widget\" data-widget_type=\"image-gallery.default\">\n\t\t\t\t<div class=\"elementor-widget-container\">\n\t\t\t\t\t<div class=\"elementor-image-gallery\">\n\t\t\t<div id='gallery-1' class='gallery galleryid-2043 gallery-columns-2 gallery-size-large'><figure class='gallery-item'>\n\t\t\t<div class='gallery-icon landscape'>\n\t\t\t\t<a data-elementor-open-lightbox=\"default\" data-elementor-lightbox-slideshow=\"20f68c8e\" href='http:\/\/www.collectifjeuxdemain.fr\/wp-content\/uploads\/2022\/10\/IMG_3311-copie.jpg'><img loading=\"lazy\" decoding=\"async\" width=\"1024\" height=\"684\" src=\"http:\/\/www.collectifjeuxdemain.fr\/wp-content\/uploads\/2022\/10\/IMG_3311-copie-1024x684.jpg\" class=\"attachment-large size-large\" alt=\"\" srcset=\"http:\/\/www.collectifjeuxdemain.fr\/wp-content\/uploads\/2022\/10\/IMG_3311-copie-1024x684.jpg 1024w, http:\/\/www.collectifjeuxdemain.fr\/wp-content\/uploads\/2022\/10\/IMG_3311-copie-300x200.jpg 300w, http:\/\/www.collectifjeuxdemain.fr\/wp-content\/uploads\/2022\/10\/IMG_3311-copie-768x513.jpg 768w\" sizes=\"auto, (max-width: 1024px) 100vw, 1024px\" \/><\/a>\n\t\t\t<\/div><\/figure><figure class='gallery-item'>\n\t\t\t<div class='gallery-icon landscape'>\n\t\t\t\t<a data-elementor-open-lightbox=\"default\" data-elementor-lightbox-slideshow=\"20f68c8e\" href='http:\/\/www.collectifjeuxdemain.fr\/wp-content\/uploads\/2022\/10\/IMG_3322.jpg'><img loading=\"lazy\" decoding=\"async\" width=\"1024\" height=\"684\" src=\"http:\/\/www.collectifjeuxdemain.fr\/wp-content\/uploads\/2022\/10\/IMG_3322-1024x684.jpg\" class=\"attachment-large size-large\" alt=\"\" srcset=\"http:\/\/www.collectifjeuxdemain.fr\/wp-content\/uploads\/2022\/10\/IMG_3322-1024x684.jpg 1024w, http:\/\/www.collectifjeuxdemain.fr\/wp-content\/uploads\/2022\/10\/IMG_3322-300x200.jpg 300w, http:\/\/www.collectifjeuxdemain.fr\/wp-content\/uploads\/2022\/10\/IMG_3322-768x513.jpg 768w\" sizes=\"auto, (max-width: 1024px) 100vw, 1024px\" \/><\/a>\n\t\t\t<\/div><\/figure><figure class='gallery-item'>\n\t\t\t<div class='gallery-icon landscape'>\n\t\t\t\t<a data-elementor-open-lightbox=\"default\" data-elementor-lightbox-slideshow=\"20f68c8e\" href='http:\/\/www.collectifjeuxdemain.fr\/wp-content\/uploads\/2022\/10\/IMG_3339.jpg'><img loading=\"lazy\" decoding=\"async\" width=\"1024\" height=\"683\" src=\"http:\/\/www.collectifjeuxdemain.fr\/wp-content\/uploads\/2022\/10\/IMG_3339-1024x683.jpg\" class=\"attachment-large size-large\" alt=\"\" srcset=\"http:\/\/www.collectifjeuxdemain.fr\/wp-content\/uploads\/2022\/10\/IMG_3339-1024x683.jpg 1024w, http:\/\/www.collectifjeuxdemain.fr\/wp-content\/uploads\/2022\/10\/IMG_3339-300x200.jpg 300w, http:\/\/www.collectifjeuxdemain.fr\/wp-content\/uploads\/2022\/10\/IMG_3339-768x512.jpg 768w, http:\/\/www.collectifjeuxdemain.fr\/wp-content\/uploads\/2022\/10\/IMG_3339.jpg 2031w\" sizes=\"auto, (max-width: 1024px) 100vw, 1024px\" \/><\/a>\n\t\t\t<\/div><\/figure><figure class='gallery-item'>\n\t\t\t<div class='gallery-icon landscape'>\n\t\t\t\t<a data-elementor-open-lightbox=\"default\" data-elementor-lightbox-slideshow=\"20f68c8e\" href='http:\/\/www.collectifjeuxdemain.fr\/wp-content\/uploads\/2022\/10\/IMG_3343-copie.jpg'><img loading=\"lazy\" decoding=\"async\" width=\"1024\" height=\"684\" src=\"http:\/\/www.collectifjeuxdemain.fr\/wp-content\/uploads\/2022\/10\/IMG_3343-copie-1024x684.jpg\" class=\"attachment-large size-large\" alt=\"\" srcset=\"http:\/\/www.collectifjeuxdemain.fr\/wp-content\/uploads\/2022\/10\/IMG_3343-copie-1024x684.jpg 1024w, http:\/\/www.collectifjeuxdemain.fr\/wp-content\/uploads\/2022\/10\/IMG_3343-copie-300x200.jpg 300w, http:\/\/www.collectifjeuxdemain.fr\/wp-content\/uploads\/2022\/10\/IMG_3343-copie-768x513.jpg 768w\" sizes=\"auto, (max-width: 1024px) 100vw, 1024px\" \/><\/a>\n\t\t\t<\/div><\/figure>\n\t\t<\/div>\n\t\t<\/div>\n\t\t\t\t<\/div>\n\t\t\t\t<\/div>\n\t\t\t\t\t\t<\/div>\n\t\t\t<\/div>\n\t\t<\/div>\n\t\t\t\t<div class=\"elementor-element elementor-element-60988646 elementor-column elementor-col-33 elementor-top-column\" data-id=\"60988646\" data-element_type=\"column\">\n\t\t\t<div class=\"elementor-column-wrap  elementor-element-populated\">\n\t\t\t\t\t<div class=\"elementor-widget-wrap\">\n\t\t\t\t<div class=\"elementor-element elementor-element-71b2658 elementor-widget elementor-widget-heading\" data-id=\"71b2658\" data-element_type=\"widget\" data-widget_type=\"heading.default\">\n\t\t\t\t<div class=\"elementor-widget-container\">\n\t\t\t<h5 class=\"elementor-heading-title elementor-size-small\">projection de son lieu de vie id\u00e9al<\/h5>\t\t<\/div>\n\t\t\t\t<\/div>\n\t\t\t\t<div class=\"elementor-element elementor-element-62fbbd3e elementor-widget elementor-widget-text-editor\" data-id=\"62fbbd3e\" data-element_type=\"widget\" data-widget_type=\"text-editor.default\">\n\t\t\t\t<div class=\"elementor-widget-container\">\n\t\t\t\t\t<div class=\"elementor-text-editor elementor-clearfix\"><p><span style=\"font-size: 14px; letter-spacing: 0.3px;\">L\u2019objectif de cet atelier est de proposer \u00e0 chaque enfant de se questionner sur leurs lieux de vie id\u00e9aux, et d\u2019en proposer un. Pour cela, en groupe, les participant.es r\u00e9fl\u00e9chissent et \u00e9changent sur leurs lieux favoris, et voient ensemble ce qu\u2019ils souhaitent faire. <br \/>Iels dessinent ensuite leurs lieux de vie id\u00e9aux (maison, ville, ou autre) soit sur le Rhodoid qui sera projet\u00e9, soit sur du papier transparent \u00e0 c\u00f4t\u00e9 afin de donner vie \u00e0 leur ville, monde, quartier. <br \/>\u00c0 la fin de l\u2019atelier, les productions sont projet\u00e9es sur un r\u00e9tro-projecteur afin de les montrer aux autres. <\/span><\/p><\/div>\n\t\t\t\t<\/div>\n\t\t\t\t<\/div>\n\t\t\t\t<div class=\"elementor-element elementor-element-73655eb9 elementor-widget elementor-widget-heading\" data-id=\"73655eb9\" data-element_type=\"widget\" data-widget_type=\"heading.default\">\n\t\t\t\t<div class=\"elementor-widget-container\">\n\t\t\t<h4 class=\"elementor-heading-title elementor-size-default\">Cr\u00e9er son lieu de vie id\u00e9al, en collectif, \nafin qu\u2019il soit projeter pour le pr\u00e9senter \nau groupe.<\/h4>\t\t<\/div>\n\t\t\t\t<\/div>\n\t\t\t\t<div class=\"elementor-element elementor-element-1da822b0 elementor-button-danger elementor-invisible elementor-widget elementor-widget-button\" data-id=\"1da822b0\" data-element_type=\"widget\" data-settings=\"{&quot;_animation&quot;:&quot;fadeIn&quot;}\" data-widget_type=\"button.default\">\n\t\t\t\t<div class=\"elementor-widget-container\">\n\t\t\t\t\t<div class=\"elementor-button-wrapper\">\n\t\t\t<a href=\"http:\/\/www.collectifjeuxdemain.fr\/wp-content\/uploads\/2025\/06\/Fiche-Lieux-ideaux-2025.pdf\" class=\"elementor-button-link elementor-button elementor-size-xs\" target=\"_blank\" role=\"button\">\n\t\t\t\t\t\t<span class=\"elementor-button-content-wrapper\">\n\t\t\t\t\t\t<span class=\"elementor-button-icon elementor-align-icon-left\">\n\t\t\t\t<i class=\"fa fa-briefcase\" aria-hidden=\"true\"><\/i>\n\t\t\t<\/span>\n\t\t\t\t\t\t<span class=\"elementor-button-text\">FICHE DE L'ATELIER<\/span>\n\t\t<\/span>\n\t\t\t\t\t<\/a>\n\t\t<\/div>\n\t\t\t\t<\/div>\n\t\t\t\t<\/div>\n\t\t\t\t\t\t<\/div>\n\t\t\t<\/div>\n\t\t<\/div>\n\t\t\t\t\t\t<\/div>\n\t\t\t<\/div>\n\t\t<\/section>\n\t\t\t\t<section class=\"elementor-element elementor-element-25cf5ce0 elementor-section-boxed elementor-section-height-default elementor-section-height-default elementor-section elementor-top-section\" data-id=\"25cf5ce0\" data-element_type=\"section\">\n\t\t\t\t\t\t<div class=\"elementor-container elementor-column-gap-default\">\n\t\t\t\t<div class=\"elementor-row\">\n\t\t\t\t<div class=\"elementor-element elementor-element-2222601f elementor-column elementor-col-100 elementor-top-column\" data-id=\"2222601f\" data-element_type=\"column\">\n\t\t\t<div class=\"elementor-column-wrap  elementor-element-populated\">\n\t\t\t\t\t<div class=\"elementor-widget-wrap\">\n\t\t\t\t<div class=\"elementor-element elementor-element-7abe9dab elementor-widget elementor-widget-image\" data-id=\"7abe9dab\" data-element_type=\"widget\" data-widget_type=\"image.default\">\n\t\t\t\t<div class=\"elementor-widget-container\">\n\t\t\t\t\t<div class=\"elementor-image\">\n\t\t\t\t\t\t\t\t\t\t<img loading=\"lazy\" decoding=\"async\" width=\"1024\" height=\"684\" src=\"http:\/\/www.collectifjeuxdemain.fr\/wp-content\/uploads\/2022\/11\/final-lieux-ideaux-1024x684.jpg\" class=\"attachment-large size-large\" alt=\"\" srcset=\"http:\/\/www.collectifjeuxdemain.fr\/wp-content\/uploads\/2022\/11\/final-lieux-ideaux-1024x684.jpg 1024w, http:\/\/www.collectifjeuxdemain.fr\/wp-content\/uploads\/2022\/11\/final-lieux-ideaux-300x200.jpg 300w, http:\/\/www.collectifjeuxdemain.fr\/wp-content\/uploads\/2022\/11\/final-lieux-ideaux-768x513.jpg 768w\" sizes=\"auto, (max-width: 1024px) 100vw, 1024px\" \/>\t\t\t\t\t\t\t\t\t\t\t<\/div>\n\t\t\t\t<\/div>\n\t\t\t\t<\/div>\n\t\t\t\t\t\t<\/div>\n\t\t\t<\/div>\n\t\t<\/div>\n\t\t\t\t\t\t<\/div>\n\t\t\t<\/div>\n\t\t<\/section>\n\t\t\t\t\t\t<\/div>\n\t\t\t<\/div>\n\t\t<\/div>\n\t\t","protected":false},"excerpt":{"rendered":"<p>Lieux id\u00e9aux R\u00e9alisation d&rsquo;un plan pour pr\u00e9senter son lieu de vie r\u00eav\u00e9. projection de son lieu de vie id\u00e9al L\u2019objectif de cet atelier est de proposer \u00e0 chaque enfant de se questionner sur leurs lieux de vie id\u00e9aux, et d\u2019en proposer un. Pour cela, en groupe, les participant.es r\u00e9fl\u00e9chissent et \u00e9changent sur leurs lieux favoris, [&hellip;]<\/p>\n","protected":false},"author":1,"featured_media":0,"parent":0,"menu_order":0,"comment_status":"closed","ping_status":"closed","template":"","meta":{"footnotes":""},"class_list":["post-2043","page","type-page","status-publish","hentry","entry"],"_links":{"self":[{"href":"http:\/\/www.collectifjeuxdemain.fr\/index.php?rest_route=\/wp\/v2\/pages\/2043","targetHints":{"allow":["GET"]}}],"collection":[{"href":"http:\/\/www.collectifjeuxdemain.fr\/index.php?rest_route=\/wp\/v2\/pages"}],"about":[{"href":"http:\/\/www.collectifjeuxdemain.fr\/index.php?rest_route=\/wp\/v2\/types\/page"}],"author":[{"embeddable":true,"href":"http:\/\/www.collectifjeuxdemain.fr\/index.php?rest_route=\/wp\/v2\/users\/1"}],"replies":[{"embeddable":true,"href":"http:\/\/www.collectifjeuxdemain.fr\/index.php?rest_route=%2Fwp%2Fv2%2Fcomments&post=2043"}],"version-history":[{"count":8,"href":"http:\/\/www.collectifjeuxdemain.fr\/index.php?rest_route=\/wp\/v2\/pages\/2043\/revisions"}],"predecessor-version":[{"id":3165,"href":"http:\/\/www.collectifjeuxdemain.fr\/index.php?rest_route=\/wp\/v2\/pages\/2043\/revisions\/3165"}],"wp:attachment":[{"href":"http:\/\/www.collectifjeuxdemain.fr\/index.php?rest_route=%2Fwp%2Fv2%2Fmedia&parent=2043"}],"curies":[{"name":"wp","href":"https:\/\/api.w.org\/{rel}","templated":true}]}}