{"id":1689,"date":"2022-03-15T12:08:53","date_gmt":"2022-03-15T11:08:53","guid":{"rendered":"http:\/\/www.collectifjeuxdemain.fr\/?page_id=1689"},"modified":"2025-02-17T11:56:11","modified_gmt":"2025-02-17T10:56:11","slug":"contact","status":"publish","type":"page","link":"http:\/\/www.collectifjeuxdemain.fr\/?page_id=1689","title":{"rendered":"Contact"},"content":{"rendered":"\t\t<div data-elementor-type=\"post\" data-elementor-id=\"1689\" class=\"elementor elementor-1689\" data-elementor-settings=\"[]\">\n\t\t\t<div class=\"elementor-inner\">\n\t\t\t\t<div class=\"elementor-section-wrap\">\n\t\t\t\t\t\t\t<section class=\"elementor-element elementor-element-6e803c2 elementor-section-boxed elementor-section-height-default elementor-section-height-default elementor-section elementor-top-section\" data-id=\"6e803c2\" data-element_type=\"section\">\n\t\t\t\t\t\t<div class=\"elementor-container elementor-column-gap-default\">\n\t\t\t\t<div class=\"elementor-row\">\n\t\t\t\t<div class=\"elementor-element elementor-element-6aa2e19 elementor-column elementor-col-50 elementor-top-column\" data-id=\"6aa2e19\" data-element_type=\"column\">\n\t\t\t<div class=\"elementor-column-wrap  elementor-element-populated\">\n\t\t\t\t\t<div class=\"elementor-widget-wrap\">\n\t\t\t\t<div class=\"elementor-element elementor-element-c3cba58 elementor-widget elementor-widget-google_maps\" data-id=\"c3cba58\" data-element_type=\"widget\" data-widget_type=\"google_maps.default\">\n\t\t\t\t<div class=\"elementor-widget-container\">\n\t\t\t<div class=\"elementor-custom-embed\"><iframe frameborder=\"0\" scrolling=\"no\" marginheight=\"0\" marginwidth=\"0\" src=\"https:\/\/maps.google.com\/maps?q=76%20rue%20d%27alsace&amp;t=m&amp;z=11&amp;output=embed&amp;iwloc=near\" aria-label=\"76 rue d&#039;alsace\"><\/iframe><\/div>\t\t<\/div>\n\t\t\t\t<\/div>\n\t\t\t\t\t\t<\/div>\n\t\t\t<\/div>\n\t\t<\/div>\n\t\t\t\t<div class=\"elementor-element elementor-element-9071b07 elementor-column elementor-col-50 elementor-top-column\" data-id=\"9071b07\" data-element_type=\"column\">\n\t\t\t<div class=\"elementor-column-wrap  elementor-element-populated\">\n\t\t\t\t\t<div class=\"elementor-widget-wrap\">\n\t\t\t\t<div class=\"elementor-element elementor-element-a6d251e elementor-position-left elementor-view-default elementor-vertical-align-top elementor-widget elementor-widget-icon-box\" data-id=\"a6d251e\" data-element_type=\"widget\" data-widget_type=\"icon-box.default\">\n\t\t\t\t<div class=\"elementor-widget-container\">\n\t\t\t\t\t<div class=\"elementor-icon-box-wrapper\">\n\t\t\t\t\t<div class=\"elementor-icon-box-icon\">\n\t\t\t\t<span class=\"elementor-icon elementor-animation-\" >\n\t\t\t\t<i class=\"fa fa-bicycle\" aria-hidden=\"true\"><\/i>\n\t\t\t\t<\/span>\n\t\t\t<\/div>\n\t\t\t\t\t\t<div class=\"elementor-icon-box-content\">\n\t\t\t\t<h5 class=\"elementor-icon-box-title\">\n\t\t\t\t\t<span >Nous trouver<\/span>\n\t\t\t\t<\/h5>\n\t\t\t\t<p class=\"elementor-icon-box-description\">Pour venir jusqu'\u00e0 nous&nbsp;:<br>76 rue d'Alsace, 69100 Villeurbanne\n<br>M\u00e9tro&nbsp;: M\u00e9tro A arr\u00eat \u00ab&nbsp;R\u00e9publique Villeurbanne&nbsp;\u00bb a\u0300 1000 me\u0300tres.\n<br>M\u00e9tro B arr\u00eat \u00ab&nbsp;Brotteaux&nbsp;\u00bb a\u0300 1100 me\u0300tres.\n<br>Bus&nbsp;: C3, C16 et 27 \u00e0 300 m\u00e8tres arr\u00eat \u00ab&nbsp;Charmettes &nbsp;\u00bb.\n<br>Ve\u0301lo\u2019v&nbsp;: Stations \"Alsace\/ Anatole France\", \"Patinoire Baraban\", \"Lafayette\/Inkerman\", \"Totem\" dans un rayon de 250 m\u00e8tres.<\/p>\n\t\t\t<\/div>\n\t\t<\/div>\n\t\t\t\t<\/div>\n\t\t\t\t<\/div>\n\t\t\t\t<div class=\"elementor-element elementor-element-ca9d85f elementor-position-left elementor-view-default elementor-vertical-align-top elementor-widget elementor-widget-icon-box\" data-id=\"ca9d85f\" data-element_type=\"widget\" data-widget_type=\"icon-box.default\">\n\t\t\t\t<div class=\"elementor-widget-container\">\n\t\t\t\t\t<div class=\"elementor-icon-box-wrapper\">\n\t\t\t\t\t<div class=\"elementor-icon-box-icon\">\n\t\t\t\t<span class=\"elementor-icon elementor-animation-\" >\n\t\t\t\t<i class=\"fa fa-send-o\" aria-hidden=\"true\"><\/i>\n\t\t\t\t<\/span>\n\t\t\t<\/div>\n\t\t\t\t\t\t<div class=\"elementor-icon-box-content\">\n\t\t\t\t<h5 class=\"elementor-icon-box-title\">\n\t\t\t\t\t<span >Nous contacter<\/span>\n\t\t\t\t<\/h5>\n\t\t\t\t<p class=\"elementor-icon-box-description\"><\/p>\n\t\t\t<\/div>\n\t\t<\/div>\n\t\t\t\t<\/div>\n\t\t\t\t<\/div>\n\t\t\t\t<div class=\"elementor-element elementor-element-b40f01b elementor-widget elementor-widget-text-editor\" data-id=\"b40f01b\" data-element_type=\"widget\" data-widget_type=\"text-editor.default\">\n\t\t\t\t<div class=\"elementor-widget-container\">\n\t\t\t\t\t<div class=\"elementor-text-editor elementor-clearfix\"><p><span style=\"font-family: Alegreya, Eczar; font-size: 14px; font-style: normal; font-variant-ligatures: normal; font-variant-caps: normal; font-weight: 100; letter-spacing: 0.3px; white-space: pre-wrap;\">Pour toute demande d&rsquo;informations, proposition de nouveau projet <\/span><br style=\"letter-spacing: 0.3px; white-space: pre-wrap;\" \/><span style=\"font-family: Alegreya, Eczar; font-size: 14px; font-style: normal; font-variant-ligatures: normal; font-variant-caps: normal; font-weight: 100; letter-spacing: 0.3px; white-space: pre-wrap;\">ou autres, nous sommes joignables&nbsp;: <br \/>par <a href=\"mailto:collectif.jeuxdemain@gmail.com\">mail<\/a> &#8211; <\/span><span style=\"font-family: Alegreya, Eczar; font-size: 14px; font-style: normal; font-variant-ligatures: normal; font-variant-caps: normal; letter-spacing: 0.3px; white-space: pre-wrap;\"><b>collectif.jeuxdemain(at)gmail.com<br \/>par<\/b><a href=\"https:\/\/www.facebook.com\/Jeuxdemaincollectif\"> Facebook<\/a><b> ou<\/b><a href=\"https:\/\/www.instagram.com\/collectif.jeuxdemain\/?hl=fr\"> Instgram <\/a><br \/><b><\/b><\/span><span style=\"font-family: Alegreya, Eczar; font-size: 14px; font-style: normal; font-variant-ligatures: normal; font-variant-caps: normal; font-weight: 100; letter-spacing: 0.3px; white-space: pre-wrap;\">ou par t\u00e9l\u00e9phone &#8211; <\/span><span style=\"font-family: Alegreya, Eczar; font-size: 14px; font-style: normal; font-variant-ligatures: normal; font-variant-caps: normal; letter-spacing: 0.3px; white-space: pre-wrap;\"><b>06 37 33 24 65<\/b><\/span><\/p><\/div>\n\t\t\t\t<\/div>\n\t\t\t\t<\/div>\n\t\t\t\t<div class=\"elementor-element elementor-element-30714c9 elementor-position-left elementor-view-default elementor-vertical-align-top elementor-widget elementor-widget-icon-box\" data-id=\"30714c9\" data-element_type=\"widget\" data-widget_type=\"icon-box.default\">\n\t\t\t\t<div class=\"elementor-widget-container\">\n\t\t\t\t\t<div class=\"elementor-icon-box-wrapper\">\n\t\t\t\t\t<div class=\"elementor-icon-box-icon\">\n\t\t\t\t<span class=\"elementor-icon elementor-animation-\" >\n\t\t\t\t<i class=\"fa fa-child\" aria-hidden=\"true\"><\/i>\n\t\t\t\t<\/span>\n\t\t\t<\/div>\n\t\t\t\t\t\t<div class=\"elementor-icon-box-content\">\n\t\t\t\t<h5 class=\"elementor-icon-box-title\">\n\t\t\t\t\t<span >Nous rencontrer<\/span>\n\t\t\t\t<\/h5>\n\t\t\t\t<p class=\"elementor-icon-box-description\">C'est avec plaisir que nous vous accueillons du lundi au jeudi, de 10h \u00e0 17h dans nos bureaux. N'h\u00e9sitez pas \u00e0 nous pr\u00e9venir pour \u00eatre s\u00fbr de nous trouver. <\/p>\n\t\t\t<\/div>\n\t\t<\/div>\n\t\t\t\t<\/div>\n\t\t\t\t<\/div>\n\t\t\t\t\t\t<\/div>\n\t\t\t<\/div>\n\t\t<\/div>\n\t\t\t\t\t\t<\/div>\n\t\t\t<\/div>\n\t\t<\/section>\n\t\t\t\t<section class=\"elementor-element elementor-element-151fc12 elementor-section-boxed elementor-section-height-default elementor-section-height-default elementor-section elementor-top-section\" data-id=\"151fc12\" data-element_type=\"section\">\n\t\t\t\t\t\t<div class=\"elementor-container elementor-column-gap-default\">\n\t\t\t\t<div class=\"elementor-row\">\n\t\t\t\t<div class=\"elementor-element elementor-element-2da052b elementor-column elementor-col-100 elementor-top-column\" data-id=\"2da052b\" data-element_type=\"column\">\n\t\t\t<div class=\"elementor-column-wrap  elementor-element-populated\">\n\t\t\t\t\t<div class=\"elementor-widget-wrap\">\n\t\t\t\t<div class=\"elementor-element elementor-element-537fced elementor-widget elementor-widget-image\" data-id=\"537fced\" data-element_type=\"widget\" data-widget_type=\"image.default\">\n\t\t\t\t<div class=\"elementor-widget-container\">\n\t\t\t\t\t<div class=\"elementor-image\">\n\t\t\t\t\t\t\t\t\t\t<img loading=\"lazy\" decoding=\"async\" width=\"1024\" height=\"451\" src=\"http:\/\/www.collectifjeuxdemain.fr\/wp-content\/uploads\/2019\/07\/photodecouv32-1024x451.png\" class=\"attachment-large size-large\" alt=\"\" srcset=\"http:\/\/www.collectifjeuxdemain.fr\/wp-content\/uploads\/2019\/07\/photodecouv32-1024x451.png 1024w, http:\/\/www.collectifjeuxdemain.fr\/wp-content\/uploads\/2019\/07\/photodecouv32-300x132.png 300w, http:\/\/www.collectifjeuxdemain.fr\/wp-content\/uploads\/2019\/07\/photodecouv32-768x338.png 768w\" sizes=\"auto, (max-width: 1024px) 100vw, 1024px\" \/>\t\t\t\t\t\t\t\t\t\t\t<\/div>\n\t\t\t\t<\/div>\n\t\t\t\t<\/div>\n\t\t\t\t\t\t<\/div>\n\t\t\t<\/div>\n\t\t<\/div>\n\t\t\t\t\t\t<\/div>\n\t\t\t<\/div>\n\t\t<\/section>\n\t\t\t\t\t\t<\/div>\n\t\t\t<\/div>\n\t\t<\/div>\n\t\t","protected":false},"excerpt":{"rendered":"<p>Nous trouver Pour venir jusqu&rsquo;\u00e0 nous&nbsp;:76 rue d&rsquo;Alsace, 69100 Villeurbanne M\u00e9tro&nbsp;: M\u00e9tro A arr\u00eat \u00ab&nbsp;R\u00e9publique Villeurbanne&nbsp;\u00bb a? 1000 me?tres. M\u00e9tro B arr\u00eat \u00ab&nbsp;Brotteaux&nbsp;\u00bb a? 1100 me?tres. Bus&nbsp;: C3, C16 et 27 \u00e0 300 m\u00e8tres arr\u00eat \u00ab&nbsp;Charmettes &nbsp;\u00bb. Ve?lo\u2019v&nbsp;: Stations \u00ab\u00a0Alsace\/ Anatole France\u00a0\u00bb, \u00ab\u00a0Patinoire Baraban\u00a0\u00bb, \u00ab\u00a0Lafayette\/Inkerman\u00a0\u00bb, \u00ab\u00a0Totem\u00a0\u00bb dans un rayon de 250 m\u00e8tres. Nous contacter Pour [&hellip;]<\/p>\n","protected":false},"author":1,"featured_media":0,"parent":0,"menu_order":0,"comment_status":"closed","ping_status":"closed","template":"","meta":{"footnotes":""},"class_list":["post-1689","page","type-page","status-publish","hentry","entry"],"_links":{"self":[{"href":"http:\/\/www.collectifjeuxdemain.fr\/index.php?rest_route=\/wp\/v2\/pages\/1689","targetHints":{"allow":["GET"]}}],"collection":[{"href":"http:\/\/www.collectifjeuxdemain.fr\/index.php?rest_route=\/wp\/v2\/pages"}],"about":[{"href":"http:\/\/www.collectifjeuxdemain.fr\/index.php?rest_route=\/wp\/v2\/types\/page"}],"author":[{"embeddable":true,"href":"http:\/\/www.collectifjeuxdemain.fr\/index.php?rest_route=\/wp\/v2\/users\/1"}],"replies":[{"embeddable":true,"href":"http:\/\/www.collectifjeuxdemain.fr\/index.php?rest_route=%2Fwp%2Fv2%2Fcomments&post=1689"}],"version-history":[{"count":12,"href":"http:\/\/www.collectifjeuxdemain.fr\/index.php?rest_route=\/wp\/v2\/pages\/1689\/revisions"}],"predecessor-version":[{"id":2952,"href":"http:\/\/www.collectifjeuxdemain.fr\/index.php?rest_route=\/wp\/v2\/pages\/1689\/revisions\/2952"}],"wp:attachment":[{"href":"http:\/\/www.collectifjeuxdemain.fr\/index.php?rest_route=%2Fwp%2Fv2%2Fmedia&parent=1689"}],"curies":[{"name":"wp","href":"https:\/\/api.w.org\/{rel}","templated":true}]}}