{"id":1646,"date":"2021-11-30T12:23:39","date_gmt":"2021-11-30T11:23:39","guid":{"rendered":"http:\/\/www.collectifjeuxdemain.fr\/?page_id=1646"},"modified":"2025-06-23T16:41:53","modified_gmt":"2025-06-23T14:41:53","slug":"plan-de-match","status":"publish","type":"page","link":"http:\/\/www.collectifjeuxdemain.fr\/?page_id=1646","title":{"rendered":"Plan de match"},"content":{"rendered":"\t\t<div data-elementor-type=\"post\" data-elementor-id=\"1646\" class=\"elementor elementor-1646\" data-elementor-settings=\"[]\">\n\t\t\t<div class=\"elementor-inner\">\n\t\t\t\t<div class=\"elementor-section-wrap\">\n\t\t\t\t\t\t\t<section class=\"elementor-element elementor-element-5efe95a5 elementor-section-boxed elementor-section-height-default elementor-section-height-default elementor-section elementor-top-section\" data-id=\"5efe95a5\" data-element_type=\"section\">\n\t\t\t\t\t\t<div class=\"elementor-container elementor-column-gap-default\">\n\t\t\t\t<div class=\"elementor-row\">\n\t\t\t\t<div class=\"elementor-element elementor-element-1fbf6158 elementor-column elementor-col-100 elementor-top-column\" data-id=\"1fbf6158\" data-element_type=\"column\">\n\t\t\t<div class=\"elementor-column-wrap  elementor-element-populated\">\n\t\t\t\t\t<div class=\"elementor-widget-wrap\">\n\t\t\t\t<div class=\"elementor-element elementor-element-22306361 elementor-widget elementor-widget-image\" data-id=\"22306361\" data-element_type=\"widget\" data-widget_type=\"image.default\">\n\t\t\t\t<div class=\"elementor-widget-container\">\n\t\t\t\t\t<div class=\"elementor-image\">\n\t\t\t\t\t\t\t\t\t\t<img loading=\"lazy\" decoding=\"async\" width=\"1024\" height=\"379\" src=\"http:\/\/www.collectifjeuxdemain.fr\/wp-content\/uploads\/2021\/11\/couverture-plan-de-match-1024x379.jpg\" class=\"attachment-large size-large\" alt=\"\" srcset=\"http:\/\/www.collectifjeuxdemain.fr\/wp-content\/uploads\/2021\/11\/couverture-plan-de-match-1024x379.jpg 1024w, http:\/\/www.collectifjeuxdemain.fr\/wp-content\/uploads\/2021\/11\/couverture-plan-de-match-300x111.jpg 300w, http:\/\/www.collectifjeuxdemain.fr\/wp-content\/uploads\/2021\/11\/couverture-plan-de-match-768x284.jpg 768w\" sizes=\"auto, (max-width: 1024px) 100vw, 1024px\" \/>\t\t\t\t\t\t\t\t\t\t\t<\/div>\n\t\t\t\t<\/div>\n\t\t\t\t<\/div>\n\t\t\t\t\t\t<\/div>\n\t\t\t<\/div>\n\t\t<\/div>\n\t\t\t\t\t\t<\/div>\n\t\t\t<\/div>\n\t\t<\/section>\n\t\t\t\t<section class=\"elementor-element elementor-element-2cdb954b elementor-section-boxed elementor-section-height-default elementor-section-height-default elementor-section elementor-top-section\" data-id=\"2cdb954b\" data-element_type=\"section\">\n\t\t\t\t\t\t<div class=\"elementor-container elementor-column-gap-default\">\n\t\t\t\t<div class=\"elementor-row\">\n\t\t\t\t<div class=\"elementor-element elementor-element-68ad1b00 elementor-column elementor-col-100 elementor-top-column\" data-id=\"68ad1b00\" data-element_type=\"column\">\n\t\t\t<div class=\"elementor-column-wrap  elementor-element-populated\">\n\t\t\t\t\t<div class=\"elementor-widget-wrap\">\n\t\t\t\t<div class=\"elementor-element elementor-element-201feb12 elementor-position-left elementor-view-default elementor-vertical-align-top elementor-widget elementor-widget-icon-box\" data-id=\"201feb12\" data-element_type=\"widget\" data-widget_type=\"icon-box.default\">\n\t\t\t\t<div class=\"elementor-widget-container\">\n\t\t\t\t\t<div class=\"elementor-icon-box-wrapper\">\n\t\t\t\t\t<div class=\"elementor-icon-box-icon\">\n\t\t\t\t<span class=\"elementor-icon elementor-animation-\" >\n\t\t\t\t<i class=\"fa fa-eye\" aria-hidden=\"true\"><\/i>\n\t\t\t\t<\/span>\n\t\t\t<\/div>\n\t\t\t\t\t\t<div class=\"elementor-icon-box-content\">\n\t\t\t\t<h2 class=\"elementor-icon-box-title\">\n\t\t\t\t\t<span >Plan de match<\/span>\n\t\t\t\t<\/h2>\n\t\t\t\t<p class=\"elementor-icon-box-description\"><span style=\"font-family: Alegreya, Eczar; font-size: 14px; font-style: normal; font-variant-caps: normal; white-space: normal;\">R\u00e9alisation d'une affiche repr\u00e9sentant un terrain de basketball.<\/span><\/p>\n\t\t\t<\/div>\n\t\t<\/div>\n\t\t\t\t<\/div>\n\t\t\t\t<\/div>\n\t\t\t\t\t\t<\/div>\n\t\t\t<\/div>\n\t\t<\/div>\n\t\t\t\t\t\t<\/div>\n\t\t\t<\/div>\n\t\t<\/section>\n\t\t\t\t<section class=\"elementor-element elementor-element-69514594 elementor-section-boxed elementor-section-height-default elementor-section-height-default elementor-section elementor-top-section\" data-id=\"69514594\" data-element_type=\"section\">\n\t\t\t\t\t\t<div class=\"elementor-container elementor-column-gap-default\">\n\t\t\t\t<div class=\"elementor-row\">\n\t\t\t\t<div class=\"elementor-element elementor-element-83b449d elementor-column elementor-col-66 elementor-top-column\" data-id=\"83b449d\" data-element_type=\"column\">\n\t\t\t<div class=\"elementor-column-wrap  elementor-element-populated\">\n\t\t\t\t\t<div class=\"elementor-widget-wrap\">\n\t\t\t\t<div class=\"elementor-element elementor-element-4f63557 gallery-spacing-custom elementor-widget elementor-widget-image-gallery\" data-id=\"4f63557\" data-element_type=\"widget\" data-widget_type=\"image-gallery.default\">\n\t\t\t\t<div class=\"elementor-widget-container\">\n\t\t\t\t\t<div class=\"elementor-image-gallery\">\n\t\t\t<div id='gallery-1' class='gallery galleryid-1646 gallery-columns-2 gallery-size-large'><figure class='gallery-item'>\n\t\t\t<div class='gallery-icon landscape'>\n\t\t\t\t<a data-elementor-open-lightbox=\"default\" data-elementor-lightbox-slideshow=\"4f63557\" href='http:\/\/www.collectifjeuxdemain.fr\/wp-content\/uploads\/2021\/11\/IMG_1300.jpg'><img loading=\"lazy\" decoding=\"async\" width=\"1024\" height=\"684\" src=\"http:\/\/www.collectifjeuxdemain.fr\/wp-content\/uploads\/2021\/11\/IMG_1300-1024x684.jpg\" class=\"attachment-large size-large\" alt=\"\" srcset=\"http:\/\/www.collectifjeuxdemain.fr\/wp-content\/uploads\/2021\/11\/IMG_1300-1024x684.jpg 1024w, http:\/\/www.collectifjeuxdemain.fr\/wp-content\/uploads\/2021\/11\/IMG_1300-300x200.jpg 300w, http:\/\/www.collectifjeuxdemain.fr\/wp-content\/uploads\/2021\/11\/IMG_1300-768x513.jpg 768w\" sizes=\"auto, (max-width: 1024px) 100vw, 1024px\" \/><\/a>\n\t\t\t<\/div><\/figure><figure class='gallery-item'>\n\t\t\t<div class='gallery-icon landscape'>\n\t\t\t\t<a data-elementor-open-lightbox=\"default\" data-elementor-lightbox-slideshow=\"4f63557\" href='http:\/\/www.collectifjeuxdemain.fr\/wp-content\/uploads\/2021\/11\/IMG_1250.jpg'><img loading=\"lazy\" decoding=\"async\" width=\"1024\" height=\"683\" src=\"http:\/\/www.collectifjeuxdemain.fr\/wp-content\/uploads\/2021\/11\/IMG_1250-1024x683.jpg\" class=\"attachment-large size-large\" alt=\"\" srcset=\"http:\/\/www.collectifjeuxdemain.fr\/wp-content\/uploads\/2021\/11\/IMG_1250-1024x683.jpg 1024w, http:\/\/www.collectifjeuxdemain.fr\/wp-content\/uploads\/2021\/11\/IMG_1250-300x200.jpg 300w, http:\/\/www.collectifjeuxdemain.fr\/wp-content\/uploads\/2021\/11\/IMG_1250-768x513.jpg 768w, http:\/\/www.collectifjeuxdemain.fr\/wp-content\/uploads\/2021\/11\/IMG_1250.jpg 1299w\" sizes=\"auto, (max-width: 1024px) 100vw, 1024px\" \/><\/a>\n\t\t\t<\/div><\/figure><figure class='gallery-item'>\n\t\t\t<div class='gallery-icon landscape'>\n\t\t\t\t<a data-elementor-open-lightbox=\"default\" data-elementor-lightbox-slideshow=\"4f63557\" href='http:\/\/www.collectifjeuxdemain.fr\/wp-content\/uploads\/2021\/11\/IMG_1257.jpg'><img loading=\"lazy\" decoding=\"async\" width=\"1024\" height=\"683\" src=\"http:\/\/www.collectifjeuxdemain.fr\/wp-content\/uploads\/2021\/11\/IMG_1257-1024x683.jpg\" class=\"attachment-large size-large\" alt=\"\" srcset=\"http:\/\/www.collectifjeuxdemain.fr\/wp-content\/uploads\/2021\/11\/IMG_1257-1024x683.jpg 1024w, http:\/\/www.collectifjeuxdemain.fr\/wp-content\/uploads\/2021\/11\/IMG_1257-300x200.jpg 300w, http:\/\/www.collectifjeuxdemain.fr\/wp-content\/uploads\/2021\/11\/IMG_1257-768x513.jpg 768w, http:\/\/www.collectifjeuxdemain.fr\/wp-content\/uploads\/2021\/11\/IMG_1257.jpg 1299w\" sizes=\"auto, (max-width: 1024px) 100vw, 1024px\" \/><\/a>\n\t\t\t<\/div><\/figure><figure class='gallery-item'>\n\t\t\t<div class='gallery-icon landscape'>\n\t\t\t\t<a data-elementor-open-lightbox=\"default\" data-elementor-lightbox-slideshow=\"4f63557\" href='http:\/\/www.collectifjeuxdemain.fr\/wp-content\/uploads\/2021\/11\/IMG_1364.jpg'><img loading=\"lazy\" decoding=\"async\" width=\"1024\" height=\"684\" src=\"http:\/\/www.collectifjeuxdemain.fr\/wp-content\/uploads\/2021\/11\/IMG_1364-1024x684.jpg\" class=\"attachment-large size-large\" alt=\"\" srcset=\"http:\/\/www.collectifjeuxdemain.fr\/wp-content\/uploads\/2021\/11\/IMG_1364-1024x684.jpg 1024w, http:\/\/www.collectifjeuxdemain.fr\/wp-content\/uploads\/2021\/11\/IMG_1364-300x200.jpg 300w, http:\/\/www.collectifjeuxdemain.fr\/wp-content\/uploads\/2021\/11\/IMG_1364-768x513.jpg 768w\" sizes=\"auto, (max-width: 1024px) 100vw, 1024px\" \/><\/a>\n\t\t\t<\/div><\/figure>\n\t\t<\/div>\n\t\t<\/div>\n\t\t\t\t<\/div>\n\t\t\t\t<\/div>\n\t\t\t\t\t\t<\/div>\n\t\t\t<\/div>\n\t\t<\/div>\n\t\t\t\t<div class=\"elementor-element elementor-element-b2f5f5f elementor-column elementor-col-33 elementor-top-column\" data-id=\"b2f5f5f\" data-element_type=\"column\">\n\t\t\t<div class=\"elementor-column-wrap  elementor-element-populated\">\n\t\t\t\t\t<div class=\"elementor-widget-wrap\">\n\t\t\t\t<div class=\"elementor-element elementor-element-1043b299 elementor-widget elementor-widget-heading\" data-id=\"1043b299\" data-element_type=\"widget\" data-widget_type=\"heading.default\">\n\t\t\t\t<div class=\"elementor-widget-container\">\n\t\t\t<h5 class=\"elementor-heading-title elementor-size-small\">Atelier d'initiation \u00e0 la s\u00e9rigraphie durant un stage de basket<\/h5>\t\t<\/div>\n\t\t\t\t<\/div>\n\t\t\t\t<div class=\"elementor-element elementor-element-7535446a elementor-widget elementor-widget-text-editor\" data-id=\"7535446a\" data-element_type=\"widget\" data-widget_type=\"text-editor.default\">\n\t\t\t\t<div class=\"elementor-widget-container\">\n\t\t\t\t\t<div class=\"elementor-text-editor elementor-clearfix\"><p class=\"p1\">Durant cet atelier, les enfants vont pouvoir <br \/>imprimer un terrain de basket en s\u00e9rigraphie. Avec une impression en deux couleurs, ils pourront comprendre ce proc\u00e9d\u00e9 artisanal. De plus, <br \/>pour personnaliser leur exemplaire, ils vont illustrer des d\u00e9placements de jeu en utilisant les codes\/ syst\u00e8me de notation du club.<\/p><p class=\"p1\"><span style=\"font-size: 14px; letter-spacing: 0.3px;\">Le terrain repr\u00e9sent\u00e9 ici est celui du club du Grand trou \u00e0 Lyon, leSELGT, avec leur logo sur la zone centrale.<\/span><\/p><\/div>\n\t\t\t\t<\/div>\n\t\t\t\t<\/div>\n\t\t\t\t<div class=\"elementor-element elementor-element-2c608d29 elementor-widget elementor-widget-heading\" data-id=\"2c608d29\" data-element_type=\"widget\" data-widget_type=\"heading.default\">\n\t\t\t\t<div class=\"elementor-widget-container\">\n\t\t\t<h4 class=\"elementor-heading-title elementor-size-default\">D\u00e9couvrir la technique de la s\u00e9rigraphie tout en utilisant les codes graphiques du basketball.<\/h4>\t\t<\/div>\n\t\t\t\t<\/div>\n\t\t\t\t<div class=\"elementor-element elementor-element-12337283 elementor-button-danger elementor-invisible elementor-widget elementor-widget-button\" data-id=\"12337283\" data-element_type=\"widget\" data-settings=\"{&quot;_animation&quot;:&quot;fadeIn&quot;}\" data-widget_type=\"button.default\">\n\t\t\t\t<div class=\"elementor-widget-container\">\n\t\t\t\t\t<div class=\"elementor-button-wrapper\">\n\t\t\t<a href=\"http:\/\/www.collectifjeuxdemain.fr\/wp-content\/uploads\/2025\/06\/Fiche-Plan-de-match-2025.pdf\" class=\"elementor-button-link elementor-button elementor-size-xs\" target=\"_blank\" role=\"button\">\n\t\t\t\t\t\t<span class=\"elementor-button-content-wrapper\">\n\t\t\t\t\t\t<span class=\"elementor-button-icon elementor-align-icon-left\">\n\t\t\t\t<i class=\"fa fa-briefcase\" aria-hidden=\"true\"><\/i>\n\t\t\t<\/span>\n\t\t\t\t\t\t<span class=\"elementor-button-text\">FICHE DE L'ATELIER<\/span>\n\t\t<\/span>\n\t\t\t\t\t<\/a>\n\t\t<\/div>\n\t\t\t\t<\/div>\n\t\t\t\t<\/div>\n\t\t\t\t\t\t<\/div>\n\t\t\t<\/div>\n\t\t<\/div>\n\t\t\t\t\t\t<\/div>\n\t\t\t<\/div>\n\t\t<\/section>\n\t\t\t\t<section class=\"elementor-element elementor-element-2ab7ed8c elementor-section-boxed elementor-section-height-default elementor-section-height-default elementor-section elementor-top-section\" data-id=\"2ab7ed8c\" data-element_type=\"section\">\n\t\t\t\t\t\t<div class=\"elementor-container elementor-column-gap-default\">\n\t\t\t\t<div class=\"elementor-row\">\n\t\t\t\t<div class=\"elementor-element elementor-element-56ecfb38 elementor-column elementor-col-100 elementor-top-column\" data-id=\"56ecfb38\" data-element_type=\"column\">\n\t\t\t<div class=\"elementor-column-wrap  elementor-element-populated\">\n\t\t\t\t\t<div class=\"elementor-widget-wrap\">\n\t\t\t\t<div class=\"elementor-element elementor-element-37a2e750 elementor-widget elementor-widget-image\" data-id=\"37a2e750\" data-element_type=\"widget\" data-widget_type=\"image.default\">\n\t\t\t\t<div class=\"elementor-widget-container\">\n\t\t\t\t\t<div class=\"elementor-image\">\n\t\t\t\t\t\t\t\t\t\t<img loading=\"lazy\" decoding=\"async\" width=\"1024\" height=\"684\" src=\"http:\/\/www.collectifjeuxdemain.fr\/wp-content\/uploads\/2021\/11\/IMG_1359-1024x684.jpg\" class=\"attachment-large size-large\" alt=\"\" srcset=\"http:\/\/www.collectifjeuxdemain.fr\/wp-content\/uploads\/2021\/11\/IMG_1359-1024x684.jpg 1024w, http:\/\/www.collectifjeuxdemain.fr\/wp-content\/uploads\/2021\/11\/IMG_1359-300x200.jpg 300w, http:\/\/www.collectifjeuxdemain.fr\/wp-content\/uploads\/2021\/11\/IMG_1359-768x513.jpg 768w\" sizes=\"auto, (max-width: 1024px) 100vw, 1024px\" \/>\t\t\t\t\t\t\t\t\t\t\t<\/div>\n\t\t\t\t<\/div>\n\t\t\t\t<\/div>\n\t\t\t\t\t\t<\/div>\n\t\t\t<\/div>\n\t\t<\/div>\n\t\t\t\t\t\t<\/div>\n\t\t\t<\/div>\n\t\t<\/section>\n\t\t\t\t\t\t<\/div>\n\t\t\t<\/div>\n\t\t<\/div>\n\t\t","protected":false},"excerpt":{"rendered":"<p>Plan de match R\u00e9alisation d&rsquo;une affiche repr\u00e9sentant un terrain de basketball. Atelier d&rsquo;initiation \u00e0 la s\u00e9rigraphie durant un stage de basket Durant cet atelier, les enfants vont pouvoir imprimer un terrain de basket en s\u00e9rigraphie. Avec une impression en deux couleurs, ils pourront comprendre ce proc\u00e9d\u00e9 artisanal. De plus, pour personnaliser leur exemplaire, ils vont [&hellip;]<\/p>\n","protected":false},"author":1,"featured_media":0,"parent":0,"menu_order":0,"comment_status":"closed","ping_status":"closed","template":"","meta":{"footnotes":""},"class_list":["post-1646","page","type-page","status-publish","hentry","entry"],"_links":{"self":[{"href":"http:\/\/www.collectifjeuxdemain.fr\/index.php?rest_route=\/wp\/v2\/pages\/1646","targetHints":{"allow":["GET"]}}],"collection":[{"href":"http:\/\/www.collectifjeuxdemain.fr\/index.php?rest_route=\/wp\/v2\/pages"}],"about":[{"href":"http:\/\/www.collectifjeuxdemain.fr\/index.php?rest_route=\/wp\/v2\/types\/page"}],"author":[{"embeddable":true,"href":"http:\/\/www.collectifjeuxdemain.fr\/index.php?rest_route=\/wp\/v2\/users\/1"}],"replies":[{"embeddable":true,"href":"http:\/\/www.collectifjeuxdemain.fr\/index.php?rest_route=%2Fwp%2Fv2%2Fcomments&post=1646"}],"version-history":[{"count":3,"href":"http:\/\/www.collectifjeuxdemain.fr\/index.php?rest_route=\/wp\/v2\/pages\/1646\/revisions"}],"predecessor-version":[{"id":3184,"href":"http:\/\/www.collectifjeuxdemain.fr\/index.php?rest_route=\/wp\/v2\/pages\/1646\/revisions\/3184"}],"wp:attachment":[{"href":"http:\/\/www.collectifjeuxdemain.fr\/index.php?rest_route=%2Fwp%2Fv2%2Fmedia&parent=1646"}],"curies":[{"name":"wp","href":"https:\/\/api.w.org\/{rel}","templated":true}]}}