{"id":1501,"date":"2021-09-09T11:49:46","date_gmt":"2021-09-09T09:49:46","guid":{"rendered":"http:\/\/www.collectifjeuxdemain.fr\/?page_id=1501"},"modified":"2025-06-23T16:38:43","modified_gmt":"2025-06-23T14:38:43","slug":"millefeuille","status":"publish","type":"page","link":"http:\/\/www.collectifjeuxdemain.fr\/?page_id=1501","title":{"rendered":"Millefeuille"},"content":{"rendered":"\t\t<div data-elementor-type=\"post\" data-elementor-id=\"1501\" class=\"elementor elementor-1501\" data-elementor-settings=\"[]\">\n\t\t\t<div class=\"elementor-inner\">\n\t\t\t\t<div class=\"elementor-section-wrap\">\n\t\t\t\t\t\t\t<section class=\"elementor-element elementor-element-1e4d8fb4 elementor-section-boxed elementor-section-height-default elementor-section-height-default elementor-section elementor-top-section\" data-id=\"1e4d8fb4\" data-element_type=\"section\">\n\t\t\t\t\t\t<div class=\"elementor-container elementor-column-gap-default\">\n\t\t\t\t<div class=\"elementor-row\">\n\t\t\t\t<div class=\"elementor-element elementor-element-638cda41 elementor-column elementor-col-100 elementor-top-column\" data-id=\"638cda41\" data-element_type=\"column\">\n\t\t\t<div class=\"elementor-column-wrap  elementor-element-populated\">\n\t\t\t\t\t<div class=\"elementor-widget-wrap\">\n\t\t\t\t<div class=\"elementor-element elementor-element-47759698 elementor-widget elementor-widget-image\" data-id=\"47759698\" data-element_type=\"widget\" data-widget_type=\"image.default\">\n\t\t\t\t<div class=\"elementor-widget-container\">\n\t\t\t\t\t<div class=\"elementor-image\">\n\t\t\t\t\t\t\t\t\t\t<img loading=\"lazy\" decoding=\"async\" width=\"3508\" height=\"1299\" src=\"http:\/\/www.collectifjeuxdemain.fr\/wp-content\/uploads\/2021\/09\/couverture-Pierre-benite2.jpg\" class=\"attachment-full size-full\" alt=\"\" srcset=\"http:\/\/www.collectifjeuxdemain.fr\/wp-content\/uploads\/2021\/09\/couverture-Pierre-benite2.jpg 3508w, http:\/\/www.collectifjeuxdemain.fr\/wp-content\/uploads\/2021\/09\/couverture-Pierre-benite2-300x111.jpg 300w, http:\/\/www.collectifjeuxdemain.fr\/wp-content\/uploads\/2021\/09\/couverture-Pierre-benite2-768x284.jpg 768w, http:\/\/www.collectifjeuxdemain.fr\/wp-content\/uploads\/2021\/09\/couverture-Pierre-benite2-1024x379.jpg 1024w\" sizes=\"auto, (max-width: 3508px) 100vw, 3508px\" \/>\t\t\t\t\t\t\t\t\t\t\t<\/div>\n\t\t\t\t<\/div>\n\t\t\t\t<\/div>\n\t\t\t\t\t\t<\/div>\n\t\t\t<\/div>\n\t\t<\/div>\n\t\t\t\t\t\t<\/div>\n\t\t\t<\/div>\n\t\t<\/section>\n\t\t\t\t<section class=\"elementor-element elementor-element-286fa104 elementor-section-boxed elementor-section-height-default elementor-section-height-default elementor-section elementor-top-section\" data-id=\"286fa104\" data-element_type=\"section\">\n\t\t\t\t\t\t<div class=\"elementor-container elementor-column-gap-default\">\n\t\t\t\t<div class=\"elementor-row\">\n\t\t\t\t<div class=\"elementor-element elementor-element-13d1f4ea elementor-column elementor-col-100 elementor-top-column\" data-id=\"13d1f4ea\" data-element_type=\"column\">\n\t\t\t<div class=\"elementor-column-wrap  elementor-element-populated\">\n\t\t\t\t\t<div class=\"elementor-widget-wrap\">\n\t\t\t\t<div class=\"elementor-element elementor-element-21d9a670 elementor-position-left elementor-view-default elementor-vertical-align-top elementor-widget elementor-widget-icon-box\" data-id=\"21d9a670\" data-element_type=\"widget\" data-widget_type=\"icon-box.default\">\n\t\t\t\t<div class=\"elementor-widget-container\">\n\t\t\t\t\t<div class=\"elementor-icon-box-wrapper\">\n\t\t\t\t\t<div class=\"elementor-icon-box-icon\">\n\t\t\t\t<span class=\"elementor-icon elementor-animation-\" >\n\t\t\t\t<i class=\"fa fa-eye\" aria-hidden=\"true\"><\/i>\n\t\t\t\t<\/span>\n\t\t\t<\/div>\n\t\t\t\t\t\t<div class=\"elementor-icon-box-content\">\n\t\t\t\t<h2 class=\"elementor-icon-box-title\">\n\t\t\t\t\t<span >Millefeuille<\/span>\n\t\t\t\t<\/h2>\n\t\t\t\t<p class=\"elementor-icon-box-description\"><span style=\"white-space: normal;\">Atelier d'initiation \u00e0 la s\u00e9rigraphie<\/span><\/p>\n\t\t\t<\/div>\n\t\t<\/div>\n\t\t\t\t<\/div>\n\t\t\t\t<\/div>\n\t\t\t\t\t\t<\/div>\n\t\t\t<\/div>\n\t\t<\/div>\n\t\t\t\t\t\t<\/div>\n\t\t\t<\/div>\n\t\t<\/section>\n\t\t\t\t<section class=\"elementor-element elementor-element-48c013de elementor-section-boxed elementor-section-height-default elementor-section-height-default elementor-section elementor-top-section\" data-id=\"48c013de\" data-element_type=\"section\">\n\t\t\t\t\t\t<div class=\"elementor-container elementor-column-gap-default\">\n\t\t\t\t<div class=\"elementor-row\">\n\t\t\t\t<div class=\"elementor-element elementor-element-58a066cc elementor-column elementor-col-66 elementor-top-column\" data-id=\"58a066cc\" data-element_type=\"column\">\n\t\t\t<div class=\"elementor-column-wrap  elementor-element-populated\">\n\t\t\t\t\t<div class=\"elementor-widget-wrap\">\n\t\t\t\t<div class=\"elementor-element elementor-element-23688c6f gallery-spacing-custom elementor-widget elementor-widget-image-gallery\" data-id=\"23688c6f\" data-element_type=\"widget\" data-widget_type=\"image-gallery.default\">\n\t\t\t\t<div class=\"elementor-widget-container\">\n\t\t\t\t\t<div class=\"elementor-image-gallery\">\n\t\t\t<div id='gallery-1' class='gallery galleryid-1501 gallery-columns-2 gallery-size-large'><figure class='gallery-item'>\n\t\t\t<div class='gallery-icon landscape'>\n\t\t\t\t<a data-elementor-open-lightbox=\"default\" data-elementor-lightbox-slideshow=\"23688c6f\" href='http:\/\/www.collectifjeuxdemain.fr\/wp-content\/uploads\/2021\/09\/IMG_0477.jpg'><img loading=\"lazy\" decoding=\"async\" width=\"1024\" height=\"684\" src=\"http:\/\/www.collectifjeuxdemain.fr\/wp-content\/uploads\/2021\/09\/IMG_0477-1024x684.jpg\" class=\"attachment-large size-large\" alt=\"\" srcset=\"http:\/\/www.collectifjeuxdemain.fr\/wp-content\/uploads\/2021\/09\/IMG_0477.jpg 1024w, http:\/\/www.collectifjeuxdemain.fr\/wp-content\/uploads\/2021\/09\/IMG_0477-300x200.jpg 300w, http:\/\/www.collectifjeuxdemain.fr\/wp-content\/uploads\/2021\/09\/IMG_0477-768x513.jpg 768w\" sizes=\"auto, (max-width: 1024px) 100vw, 1024px\" \/><\/a>\n\t\t\t<\/div><\/figure><figure class='gallery-item'>\n\t\t\t<div class='gallery-icon landscape'>\n\t\t\t\t<a data-elementor-open-lightbox=\"default\" data-elementor-lightbox-slideshow=\"23688c6f\" href='http:\/\/www.collectifjeuxdemain.fr\/wp-content\/uploads\/2021\/09\/IMG_0466.jpg'><img loading=\"lazy\" decoding=\"async\" width=\"1024\" height=\"684\" src=\"http:\/\/www.collectifjeuxdemain.fr\/wp-content\/uploads\/2021\/09\/IMG_0466-1024x684.jpg\" class=\"attachment-large size-large\" alt=\"\" srcset=\"http:\/\/www.collectifjeuxdemain.fr\/wp-content\/uploads\/2021\/09\/IMG_0466.jpg 1024w, http:\/\/www.collectifjeuxdemain.fr\/wp-content\/uploads\/2021\/09\/IMG_0466-300x200.jpg 300w, http:\/\/www.collectifjeuxdemain.fr\/wp-content\/uploads\/2021\/09\/IMG_0466-768x513.jpg 768w\" sizes=\"auto, (max-width: 1024px) 100vw, 1024px\" \/><\/a>\n\t\t\t<\/div><\/figure><figure class='gallery-item'>\n\t\t\t<div class='gallery-icon landscape'>\n\t\t\t\t<a data-elementor-open-lightbox=\"default\" data-elementor-lightbox-slideshow=\"23688c6f\" href='http:\/\/www.collectifjeuxdemain.fr\/wp-content\/uploads\/2021\/09\/IMG_0490.jpg'><img loading=\"lazy\" decoding=\"async\" width=\"1024\" height=\"684\" src=\"http:\/\/www.collectifjeuxdemain.fr\/wp-content\/uploads\/2021\/09\/IMG_0490-1024x684.jpg\" class=\"attachment-large size-large\" alt=\"\" srcset=\"http:\/\/www.collectifjeuxdemain.fr\/wp-content\/uploads\/2021\/09\/IMG_0490.jpg 1024w, http:\/\/www.collectifjeuxdemain.fr\/wp-content\/uploads\/2021\/09\/IMG_0490-300x200.jpg 300w, http:\/\/www.collectifjeuxdemain.fr\/wp-content\/uploads\/2021\/09\/IMG_0490-768x513.jpg 768w\" sizes=\"auto, (max-width: 1024px) 100vw, 1024px\" \/><\/a>\n\t\t\t<\/div><\/figure><figure class='gallery-item'>\n\t\t\t<div class='gallery-icon landscape'>\n\t\t\t\t<a data-elementor-open-lightbox=\"default\" data-elementor-lightbox-slideshow=\"23688c6f\" href='http:\/\/www.collectifjeuxdemain.fr\/wp-content\/uploads\/2021\/09\/IMG_0475.jpg'><img loading=\"lazy\" decoding=\"async\" width=\"1024\" height=\"684\" src=\"http:\/\/www.collectifjeuxdemain.fr\/wp-content\/uploads\/2021\/09\/IMG_0475-1024x684.jpg\" class=\"attachment-large size-large\" alt=\"\" srcset=\"http:\/\/www.collectifjeuxdemain.fr\/wp-content\/uploads\/2021\/09\/IMG_0475.jpg 1024w, http:\/\/www.collectifjeuxdemain.fr\/wp-content\/uploads\/2021\/09\/IMG_0475-300x200.jpg 300w, http:\/\/www.collectifjeuxdemain.fr\/wp-content\/uploads\/2021\/09\/IMG_0475-768x513.jpg 768w\" sizes=\"auto, (max-width: 1024px) 100vw, 1024px\" \/><\/a>\n\t\t\t<\/div><\/figure>\n\t\t<\/div>\n\t\t<\/div>\n\t\t\t\t<\/div>\n\t\t\t\t<\/div>\n\t\t\t\t\t\t<\/div>\n\t\t\t<\/div>\n\t\t<\/div>\n\t\t\t\t<div class=\"elementor-element elementor-element-7d527549 elementor-column elementor-col-33 elementor-top-column\" data-id=\"7d527549\" data-element_type=\"column\">\n\t\t\t<div class=\"elementor-column-wrap  elementor-element-populated\">\n\t\t\t\t\t<div class=\"elementor-widget-wrap\">\n\t\t\t\t<div class=\"elementor-element elementor-element-6d6ce9b1 elementor-widget elementor-widget-heading\" data-id=\"6d6ce9b1\" data-element_type=\"widget\" data-widget_type=\"heading.default\">\n\t\t\t\t<div class=\"elementor-widget-container\">\n\t\t\t<h5 class=\"elementor-heading-title elementor-size-small\">D\u00e9couverte de la s\u00e9rigraphie \net exp\u00e9rimentations graphiques<\/h5>\t\t<\/div>\n\t\t\t\t<\/div>\n\t\t\t\t<div class=\"elementor-element elementor-element-6778836a elementor-widget elementor-widget-text-editor\" data-id=\"6778836a\" data-element_type=\"widget\" data-widget_type=\"text-editor.default\">\n\t\t\t\t<div class=\"elementor-widget-container\">\n\t\t\t\t\t<div class=\"elementor-text-editor elementor-clearfix\"><p class=\"p1\"><span class=\"s1\">Cet atelier, r\u00e9alis\u00e9 lors d\u2019une f\u00eate de quartier <br \/>\u00e0 Pierre-B\u00e9nite, permet aux participant.e.s <br \/>de mettre les mains \u00e0 la p\u00e2te et d\u00e9couvrir la s\u00e9rigraphie. Cette technique d\u2019impression artisanale utilise le principe du pochoir pour pouvoir imprimer une image. Son avantage&nbsp;: r\u00e9aliser des s\u00e9ries. Afin de rendre plus accessible cette technique, et permettre aux participant.e.s de cr\u00e9er, nous avons <\/span><span class=\"s2\">adapt\u00e9 le proc\u00e9d\u00e9. L\u2019id\u00e9e est de composer directement<\/span><span class=\"s1\"> sur le papier, \u00e0 l\u2019aide de drawing gum ou de papier d\u00e9coup\u00e9, et d\u2019imprimer un aplat de couleur entre chaque action cr\u00e9ative. Cet atelier avait \u00e9galement pour th\u00e8me la nature, avec un exercice de reconnaissance de l\u00e9gumes en tampons et de dessins de ces derniers. <\/span><\/p><\/div>\n\t\t\t\t<\/div>\n\t\t\t\t<\/div>\n\t\t\t\t<div class=\"elementor-element elementor-element-7a043065 elementor-widget elementor-widget-heading\" data-id=\"7a043065\" data-element_type=\"widget\" data-widget_type=\"heading.default\">\n\t\t\t\t<div class=\"elementor-widget-container\">\n\t\t\t<h4 class=\"elementor-heading-title elementor-size-default\">S\u2019amuser \u00e0 reconna\u00eetre et dessiner \ndes l\u00e9gumes tout en d\u00e9couvrant la s\u00e9rigraphie.<\/h4>\t\t<\/div>\n\t\t\t\t<\/div>\n\t\t\t\t<div class=\"elementor-element elementor-element-2d8682ac elementor-button-danger elementor-invisible elementor-widget elementor-widget-button\" data-id=\"2d8682ac\" data-element_type=\"widget\" data-settings=\"{&quot;_animation&quot;:&quot;fadeIn&quot;}\" data-widget_type=\"button.default\">\n\t\t\t\t<div class=\"elementor-widget-container\">\n\t\t\t\t\t<div class=\"elementor-button-wrapper\">\n\t\t\t<a href=\"http:\/\/www.collectifjeuxdemain.fr\/wp-content\/uploads\/2025\/06\/Fiche-Millefeuille-2025.pdf\" class=\"elementor-button-link elementor-button elementor-size-xs\" target=\"_blank\" role=\"button\">\n\t\t\t\t\t\t<span class=\"elementor-button-content-wrapper\">\n\t\t\t\t\t\t<span class=\"elementor-button-icon elementor-align-icon-left\">\n\t\t\t\t<i class=\"fa fa-briefcase\" aria-hidden=\"true\"><\/i>\n\t\t\t<\/span>\n\t\t\t\t\t\t<span class=\"elementor-button-text\">FICHE DE L'ATELIER<\/span>\n\t\t<\/span>\n\t\t\t\t\t<\/a>\n\t\t<\/div>\n\t\t\t\t<\/div>\n\t\t\t\t<\/div>\n\t\t\t\t<div class=\"elementor-element elementor-element-85f729c elementor-widget elementor-widget-text-editor\" data-id=\"85f729c\" data-element_type=\"widget\" data-widget_type=\"text-editor.default\">\n\t\t\t\t<div class=\"elementor-widget-container\">\n\t\t\t\t\t<div class=\"elementor-text-editor elementor-clearfix\"><p><span style=\"font-family: Alegreya, Eczar; font-size: 14px; font-style: normal; font-variant-ligatures: normal; font-variant-caps: normal; font-weight: 100; letter-spacing: 0.3px;\">Cet atelier s&rsquo;adapte \u00e0 de nombreux th\u00e8mes, nous avons d\u00e9j\u00e0 r\u00e9fl\u00e9chi \u00e0 une version sur l&rsquo;architecture.<\/span><\/p><\/div>\n\t\t\t\t<\/div>\n\t\t\t\t<\/div>\n\t\t\t\t\t\t<\/div>\n\t\t\t<\/div>\n\t\t<\/div>\n\t\t\t\t\t\t<\/div>\n\t\t\t<\/div>\n\t\t<\/section>\n\t\t\t\t<section class=\"elementor-element elementor-element-2f185ce3 elementor-section-boxed elementor-section-height-default elementor-section-height-default elementor-section elementor-top-section\" data-id=\"2f185ce3\" data-element_type=\"section\">\n\t\t\t\t\t\t<div class=\"elementor-container elementor-column-gap-default\">\n\t\t\t\t<div class=\"elementor-row\">\n\t\t\t\t<div class=\"elementor-element elementor-element-1b015ddf elementor-column elementor-col-100 elementor-top-column\" data-id=\"1b015ddf\" data-element_type=\"column\">\n\t\t\t<div class=\"elementor-column-wrap  elementor-element-populated\">\n\t\t\t\t\t<div class=\"elementor-widget-wrap\">\n\t\t\t\t<div class=\"elementor-element elementor-element-7d8f92eb elementor-widget elementor-widget-image\" data-id=\"7d8f92eb\" data-element_type=\"widget\" data-widget_type=\"image.default\">\n\t\t\t\t<div class=\"elementor-widget-container\">\n\t\t\t\t\t<div class=\"elementor-image\">\n\t\t\t\t\t\t\t\t\t\t<img loading=\"lazy\" decoding=\"async\" width=\"1024\" height=\"684\" src=\"http:\/\/www.collectifjeuxdemain.fr\/wp-content\/uploads\/2021\/09\/final-Pierre-Benite-1-1024x684.jpg\" class=\"attachment-large size-large\" alt=\"\" srcset=\"http:\/\/www.collectifjeuxdemain.fr\/wp-content\/uploads\/2021\/09\/final-Pierre-Benite-1-1024x684.jpg 1024w, http:\/\/www.collectifjeuxdemain.fr\/wp-content\/uploads\/2021\/09\/final-Pierre-Benite-1-300x200.jpg 300w, http:\/\/www.collectifjeuxdemain.fr\/wp-content\/uploads\/2021\/09\/final-Pierre-Benite-1-768x513.jpg 768w\" sizes=\"auto, (max-width: 1024px) 100vw, 1024px\" \/>\t\t\t\t\t\t\t\t\t\t\t<\/div>\n\t\t\t\t<\/div>\n\t\t\t\t<\/div>\n\t\t\t\t\t\t<\/div>\n\t\t\t<\/div>\n\t\t<\/div>\n\t\t\t\t\t\t<\/div>\n\t\t\t<\/div>\n\t\t<\/section>\n\t\t\t\t<section class=\"elementor-element elementor-element-ec08093 elementor-section-boxed elementor-section-height-default elementor-section-height-default elementor-section elementor-top-section\" data-id=\"ec08093\" data-element_type=\"section\">\n\t\t\t\t\t\t<div class=\"elementor-container elementor-column-gap-default\">\n\t\t\t\t<div class=\"elementor-row\">\n\t\t\t\t<div class=\"elementor-element elementor-element-3f32812 elementor-column elementor-col-100 elementor-top-column\" data-id=\"3f32812\" data-element_type=\"column\">\n\t\t\t<div class=\"elementor-column-wrap  elementor-element-populated\">\n\t\t\t\t\t<div class=\"elementor-widget-wrap\">\n\t\t\t\t<div class=\"elementor-element elementor-element-30232dc elementor-widget elementor-widget-image-carousel\" data-id=\"30232dc\" data-element_type=\"widget\" data-settings=\"{&quot;slides_to_show&quot;:&quot;4&quot;,&quot;navigation&quot;:&quot;arrows&quot;,&quot;pause_on_hover&quot;:&quot;yes&quot;,&quot;autoplay&quot;:&quot;yes&quot;,&quot;autoplay_speed&quot;:5000,&quot;infinite&quot;:&quot;yes&quot;,&quot;speed&quot;:500,&quot;direction&quot;:&quot;ltr&quot;}\" data-widget_type=\"image-carousel.default\">\n\t\t\t\t<div class=\"elementor-widget-container\">\n\t\t\t\t\t<div class=\"elementor-image-carousel-wrapper elementor-slick-slider\" dir=\"ltr\">\n\t\t\t<div class=\"elementor-image-carousel slick-arrows-inside\">\n\t\t\t\t<div class=\"slick-slide\"><figure class=\"slick-slide-inner\"><a href=\"http:\/\/www.collectifjeuxdemain.fr\/wp-content\/uploads\/2021\/09\/IMG_0505.jpg\" data-elementor-open-lightbox=\"default\" data-elementor-lightbox-slideshow=\"30232dc\" data-elementor-lightbox-index=\"0\"><img decoding=\"async\" class=\"slick-slide-image\" src=\"http:\/\/www.collectifjeuxdemain.fr\/wp-content\/uploads\/2021\/09\/IMG_0505.jpg\" alt=\"IMG_0505\" \/><\/a><\/figure><\/div><div class=\"slick-slide\"><figure class=\"slick-slide-inner\"><a href=\"http:\/\/www.collectifjeuxdemain.fr\/wp-content\/uploads\/2021\/09\/IMG_0529.jpg\" data-elementor-open-lightbox=\"default\" data-elementor-lightbox-slideshow=\"30232dc\" data-elementor-lightbox-index=\"1\"><img decoding=\"async\" class=\"slick-slide-image\" src=\"http:\/\/www.collectifjeuxdemain.fr\/wp-content\/uploads\/2021\/09\/IMG_0529.jpg\" alt=\"IMG_0529\" \/><\/a><\/figure><\/div><div class=\"slick-slide\"><figure class=\"slick-slide-inner\"><a href=\"http:\/\/www.collectifjeuxdemain.fr\/wp-content\/uploads\/2021\/09\/IMG_0519.jpg\" data-elementor-open-lightbox=\"default\" data-elementor-lightbox-slideshow=\"30232dc\" data-elementor-lightbox-index=\"2\"><img decoding=\"async\" class=\"slick-slide-image\" src=\"http:\/\/www.collectifjeuxdemain.fr\/wp-content\/uploads\/2021\/09\/IMG_0519.jpg\" alt=\"IMG_0519\" \/><\/a><\/figure><\/div><div class=\"slick-slide\"><figure class=\"slick-slide-inner\"><a href=\"http:\/\/www.collectifjeuxdemain.fr\/wp-content\/uploads\/2021\/09\/IMG_0516.jpg\" data-elementor-open-lightbox=\"default\" data-elementor-lightbox-slideshow=\"30232dc\" data-elementor-lightbox-index=\"3\"><img decoding=\"async\" class=\"slick-slide-image\" src=\"http:\/\/www.collectifjeuxdemain.fr\/wp-content\/uploads\/2021\/09\/IMG_0516.jpg\" alt=\"IMG_0516\" \/><\/a><\/figure><\/div><div class=\"slick-slide\"><figure class=\"slick-slide-inner\"><a href=\"http:\/\/www.collectifjeuxdemain.fr\/wp-content\/uploads\/2021\/09\/IMG_0535.jpg\" data-elementor-open-lightbox=\"default\" data-elementor-lightbox-slideshow=\"30232dc\" data-elementor-lightbox-index=\"4\"><img decoding=\"async\" class=\"slick-slide-image\" src=\"http:\/\/www.collectifjeuxdemain.fr\/wp-content\/uploads\/2021\/09\/IMG_0535.jpg\" alt=\"IMG_0535\" \/><\/a><\/figure><\/div>\t\t\t<\/div>\n\t\t<\/div>\n\t\t\t\t<\/div>\n\t\t\t\t<\/div>\n\t\t\t\t<div class=\"elementor-element elementor-element-abef205 elementor-widget elementor-widget-text-editor\" data-id=\"abef205\" data-element_type=\"widget\" data-widget_type=\"text-editor.default\">\n\t\t\t\t<div class=\"elementor-widget-container\">\n\t\t\t\t\t<div class=\"elementor-text-editor elementor-clearfix\"><p>\u00a0Une autre version plus simple juste ici, r\u00e9alis\u00e9 au CCO la Rayonne, avec le b\u00e2timent historique comme terrain de jeu.\u00a0<\/p><\/div>\n\t\t\t\t<\/div>\n\t\t\t\t<\/div>\n\t\t\t\t\t\t<\/div>\n\t\t\t<\/div>\n\t\t<\/div>\n\t\t\t\t\t\t<\/div>\n\t\t\t<\/div>\n\t\t<\/section>\n\t\t\t\t\t\t<\/div>\n\t\t\t<\/div>\n\t\t<\/div>\n\t\t","protected":false},"excerpt":{"rendered":"<p>Millefeuille Atelier d&rsquo;initiation \u00e0 la s\u00e9rigraphie D\u00e9couverte de la s\u00e9rigraphie et exp\u00e9rimentations graphiques Cet atelier, r\u00e9alis\u00e9 lors d\u2019une f\u00eate de quartier \u00e0 Pierre-B\u00e9nite, permet aux participant.e.s de mettre les mains \u00e0 la p\u00e2te et d\u00e9couvrir la s\u00e9rigraphie. Cette technique d\u2019impression artisanale utilise le principe du pochoir pour pouvoir imprimer une image. Son avantage&nbsp;: r\u00e9aliser des [&hellip;]<\/p>\n","protected":false},"author":1,"featured_media":0,"parent":0,"menu_order":0,"comment_status":"closed","ping_status":"closed","template":"","meta":{"footnotes":""},"class_list":["post-1501","page","type-page","status-publish","hentry","entry"],"_links":{"self":[{"href":"http:\/\/www.collectifjeuxdemain.fr\/index.php?rest_route=\/wp\/v2\/pages\/1501","targetHints":{"allow":["GET"]}}],"collection":[{"href":"http:\/\/www.collectifjeuxdemain.fr\/index.php?rest_route=\/wp\/v2\/pages"}],"about":[{"href":"http:\/\/www.collectifjeuxdemain.fr\/index.php?rest_route=\/wp\/v2\/types\/page"}],"author":[{"embeddable":true,"href":"http:\/\/www.collectifjeuxdemain.fr\/index.php?rest_route=\/wp\/v2\/users\/1"}],"replies":[{"embeddable":true,"href":"http:\/\/www.collectifjeuxdemain.fr\/index.php?rest_route=%2Fwp%2Fv2%2Fcomments&post=1501"}],"version-history":[{"count":4,"href":"http:\/\/www.collectifjeuxdemain.fr\/index.php?rest_route=\/wp\/v2\/pages\/1501\/revisions"}],"predecessor-version":[{"id":3175,"href":"http:\/\/www.collectifjeuxdemain.fr\/index.php?rest_route=\/wp\/v2\/pages\/1501\/revisions\/3175"}],"wp:attachment":[{"href":"http:\/\/www.collectifjeuxdemain.fr\/index.php?rest_route=%2Fwp%2Fv2%2Fmedia&parent=1501"}],"curies":[{"name":"wp","href":"https:\/\/api.w.org\/{rel}","templated":true}]}}