{"id":1284,"date":"2021-04-13T12:28:16","date_gmt":"2021-04-13T10:28:16","guid":{"rendered":"http:\/\/www.collectifjeuxdemain.fr\/?page_id=1284"},"modified":"2025-06-23T16:10:25","modified_gmt":"2025-06-23T14:10:25","slug":"bonnes-impressions","status":"publish","type":"page","link":"http:\/\/www.collectifjeuxdemain.fr\/?page_id=1284","title":{"rendered":"Bonne Impression"},"content":{"rendered":"\t\t<div data-elementor-type=\"post\" data-elementor-id=\"1284\" class=\"elementor elementor-1284\" data-elementor-settings=\"[]\">\n\t\t\t<div class=\"elementor-inner\">\n\t\t\t\t<div class=\"elementor-section-wrap\">\n\t\t\t\t\t\t\t<section class=\"elementor-element elementor-element-7c5edaee elementor-section-boxed elementor-section-height-default elementor-section-height-default elementor-section elementor-top-section\" data-id=\"7c5edaee\" data-element_type=\"section\">\n\t\t\t\t\t\t<div class=\"elementor-container elementor-column-gap-default\">\n\t\t\t\t<div class=\"elementor-row\">\n\t\t\t\t<div class=\"elementor-element elementor-element-58da4035 elementor-column elementor-col-100 elementor-top-column\" data-id=\"58da4035\" data-element_type=\"column\">\n\t\t\t<div class=\"elementor-column-wrap  elementor-element-populated\">\n\t\t\t\t\t<div class=\"elementor-widget-wrap\">\n\t\t\t\t<div class=\"elementor-element elementor-element-404796a4 elementor-widget elementor-widget-image\" data-id=\"404796a4\" data-element_type=\"widget\" data-widget_type=\"image.default\">\n\t\t\t\t<div class=\"elementor-widget-container\">\n\t\t\t\t\t<div class=\"elementor-image\">\n\t\t\t\t\t\t\t\t\t\t<img loading=\"lazy\" decoding=\"async\" width=\"1024\" height=\"379\" src=\"http:\/\/www.collectifjeuxdemain.fr\/wp-content\/uploads\/2021\/04\/couverture-Bonnes-impressions-1024x379.jpg\" class=\"attachment-large size-large\" alt=\"\" srcset=\"http:\/\/www.collectifjeuxdemain.fr\/wp-content\/uploads\/2021\/04\/couverture-Bonnes-impressions-1024x379.jpg 1024w, http:\/\/www.collectifjeuxdemain.fr\/wp-content\/uploads\/2021\/04\/couverture-Bonnes-impressions-300x111.jpg 300w, http:\/\/www.collectifjeuxdemain.fr\/wp-content\/uploads\/2021\/04\/couverture-Bonnes-impressions-768x284.jpg 768w\" sizes=\"auto, (max-width: 1024px) 100vw, 1024px\" \/>\t\t\t\t\t\t\t\t\t\t\t<\/div>\n\t\t\t\t<\/div>\n\t\t\t\t<\/div>\n\t\t\t\t\t\t<\/div>\n\t\t\t<\/div>\n\t\t<\/div>\n\t\t\t\t\t\t<\/div>\n\t\t\t<\/div>\n\t\t<\/section>\n\t\t\t\t<section class=\"elementor-element elementor-element-381f31b7 elementor-section-boxed elementor-section-height-default elementor-section-height-default elementor-section elementor-top-section\" data-id=\"381f31b7\" data-element_type=\"section\">\n\t\t\t\t\t\t<div class=\"elementor-container elementor-column-gap-default\">\n\t\t\t\t<div class=\"elementor-row\">\n\t\t\t\t<div class=\"elementor-element elementor-element-3eec2c3e elementor-column elementor-col-100 elementor-top-column\" data-id=\"3eec2c3e\" data-element_type=\"column\">\n\t\t\t<div class=\"elementor-column-wrap  elementor-element-populated\">\n\t\t\t\t\t<div class=\"elementor-widget-wrap\">\n\t\t\t\t<div class=\"elementor-element elementor-element-73ef85ab elementor-position-left elementor-view-default elementor-vertical-align-top elementor-widget elementor-widget-icon-box\" data-id=\"73ef85ab\" data-element_type=\"widget\" data-widget_type=\"icon-box.default\">\n\t\t\t\t<div class=\"elementor-widget-container\">\n\t\t\t\t\t<div class=\"elementor-icon-box-wrapper\">\n\t\t\t\t\t<div class=\"elementor-icon-box-icon\">\n\t\t\t\t<span class=\"elementor-icon elementor-animation-\" >\n\t\t\t\t<i class=\"fa fa-eye\" aria-hidden=\"true\"><\/i>\n\t\t\t\t<\/span>\n\t\t\t<\/div>\n\t\t\t\t\t\t<div class=\"elementor-icon-box-content\">\n\t\t\t\t<h2 class=\"elementor-icon-box-title\">\n\t\t\t\t\t<span >Bonne Impression<\/span>\n\t\t\t\t<\/h2>\n\t\t\t\t<p class=\"elementor-icon-box-description\"><span style=\"font-family: Alegreya, Eczar; font-size: 14px; font-style: normal; font-variant-caps: normal; white-space: normal;\">D\u00e9couverte de techniques d'impressions artisanales, Vivez l'\u00e9t\u00e9 2020.<\/span><\/p>\n\t\t\t<\/div>\n\t\t<\/div>\n\t\t\t\t<\/div>\n\t\t\t\t<\/div>\n\t\t\t\t\t\t<\/div>\n\t\t\t<\/div>\n\t\t<\/div>\n\t\t\t\t\t\t<\/div>\n\t\t\t<\/div>\n\t\t<\/section>\n\t\t\t\t<section class=\"elementor-element elementor-element-3b59d6c3 elementor-section-boxed elementor-section-height-default elementor-section-height-default elementor-section elementor-top-section\" data-id=\"3b59d6c3\" data-element_type=\"section\">\n\t\t\t\t\t\t<div class=\"elementor-container elementor-column-gap-default\">\n\t\t\t\t<div class=\"elementor-row\">\n\t\t\t\t<div class=\"elementor-element elementor-element-2b73c72f elementor-column elementor-col-66 elementor-top-column\" data-id=\"2b73c72f\" data-element_type=\"column\">\n\t\t\t<div class=\"elementor-column-wrap  elementor-element-populated\">\n\t\t\t\t\t<div class=\"elementor-widget-wrap\">\n\t\t\t\t<div class=\"elementor-element elementor-element-33eb8b06 gallery-spacing-custom elementor-widget elementor-widget-image-gallery\" data-id=\"33eb8b06\" data-element_type=\"widget\" data-widget_type=\"image-gallery.default\">\n\t\t\t\t<div class=\"elementor-widget-container\">\n\t\t\t\t\t<div class=\"elementor-image-gallery\">\n\t\t\t<div id='gallery-1' class='gallery galleryid-1284 gallery-columns-2 gallery-size-large'><figure class='gallery-item'>\n\t\t\t<div class='gallery-icon landscape'>\n\t\t\t\t<a data-elementor-open-lightbox=\"default\" data-elementor-lightbox-slideshow=\"33eb8b06\" href='http:\/\/www.collectifjeuxdemain.fr\/wp-content\/uploads\/2021\/04\/IMG_9207.jpg'><img loading=\"lazy\" decoding=\"async\" width=\"1024\" height=\"684\" src=\"http:\/\/www.collectifjeuxdemain.fr\/wp-content\/uploads\/2021\/04\/IMG_9207-1024x684.jpg\" class=\"attachment-large size-large\" alt=\"\" srcset=\"http:\/\/www.collectifjeuxdemain.fr\/wp-content\/uploads\/2021\/04\/IMG_9207-1024x684.jpg 1024w, http:\/\/www.collectifjeuxdemain.fr\/wp-content\/uploads\/2021\/04\/IMG_9207-300x200.jpg 300w, http:\/\/www.collectifjeuxdemain.fr\/wp-content\/uploads\/2021\/04\/IMG_9207-768x513.jpg 768w\" sizes=\"auto, (max-width: 1024px) 100vw, 1024px\" \/><\/a>\n\t\t\t<\/div><\/figure><figure class='gallery-item'>\n\t\t\t<div class='gallery-icon landscape'>\n\t\t\t\t<a data-elementor-open-lightbox=\"default\" data-elementor-lightbox-slideshow=\"33eb8b06\" href='http:\/\/www.collectifjeuxdemain.fr\/wp-content\/uploads\/2021\/04\/IMG_9210.jpg'><img loading=\"lazy\" decoding=\"async\" width=\"1024\" height=\"684\" src=\"http:\/\/www.collectifjeuxdemain.fr\/wp-content\/uploads\/2021\/04\/IMG_9210-1024x684.jpg\" class=\"attachment-large size-large\" alt=\"\" srcset=\"http:\/\/www.collectifjeuxdemain.fr\/wp-content\/uploads\/2021\/04\/IMG_9210-1024x684.jpg 1024w, http:\/\/www.collectifjeuxdemain.fr\/wp-content\/uploads\/2021\/04\/IMG_9210-300x200.jpg 300w, http:\/\/www.collectifjeuxdemain.fr\/wp-content\/uploads\/2021\/04\/IMG_9210-768x513.jpg 768w\" sizes=\"auto, (max-width: 1024px) 100vw, 1024px\" \/><\/a>\n\t\t\t<\/div><\/figure><figure class='gallery-item'>\n\t\t\t<div class='gallery-icon landscape'>\n\t\t\t\t<a data-elementor-open-lightbox=\"default\" data-elementor-lightbox-slideshow=\"33eb8b06\" href='http:\/\/www.collectifjeuxdemain.fr\/wp-content\/uploads\/2021\/04\/effet-ventouse-marbling.jpg'><img loading=\"lazy\" decoding=\"async\" width=\"1024\" height=\"684\" src=\"http:\/\/www.collectifjeuxdemain.fr\/wp-content\/uploads\/2021\/04\/effet-ventouse-marbling-1024x684.jpg\" class=\"attachment-large size-large\" alt=\"\" srcset=\"http:\/\/www.collectifjeuxdemain.fr\/wp-content\/uploads\/2021\/04\/effet-ventouse-marbling-1024x684.jpg 1024w, http:\/\/www.collectifjeuxdemain.fr\/wp-content\/uploads\/2021\/04\/effet-ventouse-marbling-300x200.jpg 300w, http:\/\/www.collectifjeuxdemain.fr\/wp-content\/uploads\/2021\/04\/effet-ventouse-marbling-768x513.jpg 768w\" sizes=\"auto, (max-width: 1024px) 100vw, 1024px\" \/><\/a>\n\t\t\t<\/div><\/figure><figure class='gallery-item'>\n\t\t\t<div class='gallery-icon landscape'>\n\t\t\t\t<a data-elementor-open-lightbox=\"default\" data-elementor-lightbox-slideshow=\"33eb8b06\" href='http:\/\/www.collectifjeuxdemain.fr\/wp-content\/uploads\/2021\/04\/IMG_9215.jpg'><img loading=\"lazy\" decoding=\"async\" width=\"1024\" height=\"684\" src=\"http:\/\/www.collectifjeuxdemain.fr\/wp-content\/uploads\/2021\/04\/IMG_9215-1024x684.jpg\" class=\"attachment-large size-large\" alt=\"\" srcset=\"http:\/\/www.collectifjeuxdemain.fr\/wp-content\/uploads\/2021\/04\/IMG_9215-1024x684.jpg 1024w, http:\/\/www.collectifjeuxdemain.fr\/wp-content\/uploads\/2021\/04\/IMG_9215-300x200.jpg 300w, http:\/\/www.collectifjeuxdemain.fr\/wp-content\/uploads\/2021\/04\/IMG_9215-768x513.jpg 768w\" sizes=\"auto, (max-width: 1024px) 100vw, 1024px\" \/><\/a>\n\t\t\t<\/div><\/figure>\n\t\t<\/div>\n\t\t<\/div>\n\t\t\t\t<\/div>\n\t\t\t\t<\/div>\n\t\t\t\t\t\t<\/div>\n\t\t\t<\/div>\n\t\t<\/div>\n\t\t\t\t<div class=\"elementor-element elementor-element-636e246c elementor-column elementor-col-33 elementor-top-column\" data-id=\"636e246c\" data-element_type=\"column\">\n\t\t\t<div class=\"elementor-column-wrap  elementor-element-populated\">\n\t\t\t\t\t<div class=\"elementor-widget-wrap\">\n\t\t\t\t<div class=\"elementor-element elementor-element-5572dbf1 elementor-widget elementor-widget-heading\" data-id=\"5572dbf1\" data-element_type=\"widget\" data-widget_type=\"heading.default\">\n\t\t\t\t<div class=\"elementor-widget-container\">\n\t\t\t<h5 class=\"elementor-heading-title elementor-size-small\">De\u0301couverte du monotype eT du marbling<\/h5>\t\t<\/div>\n\t\t\t\t<\/div>\n\t\t\t\t<div class=\"elementor-element elementor-element-166643e0 elementor-widget elementor-widget-text-editor\" data-id=\"166643e0\" data-element_type=\"widget\" data-widget_type=\"text-editor.default\">\n\t\t\t\t<div class=\"elementor-widget-container\">\n\t\t\t\t\t<div class=\"elementor-text-editor elementor-clearfix\"><span style=\"font-size: 14px; letter-spacing: 0.3px;\">Durant une se\u0301ance collective, les participant\u00b7e\u00b7s dessinent et s\u2019initient a\u0300 deux techniques d\u2019impres- sion artisanales. Pour commencer, le monotype&nbsp;: cette technique permet d\u2019imprimer instantane\u0301ment le dessin re\u0301alise\u0301 au recto, sur le verso. L\u2019illustration change alors d\u2019apparence. Ensuite, vient la mise\nen couleur. Pour cela, chacun\u00b7e utilise le marbling et de\u0301couvre ses formes de volutes. Gra\u0302ce a\u0300 l\u2019utilisation de plusieurs encres, les couleurs se me\u0301langent, cre\u0301ant de nouvelles teintes. Le visuel final est donc compose\u0301 d\u2019un dessin au trait sur lequel chaque par- ticipant\u00b7e vient jouer avec l\u2019application des couleurs. Ces deux proce\u0301de\u0301s sont facilement reproductibles.<\/span><\/div>\n\t\t\t\t<\/div>\n\t\t\t\t<\/div>\n\t\t\t\t<div class=\"elementor-element elementor-element-320cdcd9 elementor-widget elementor-widget-heading\" data-id=\"320cdcd9\" data-element_type=\"widget\" data-widget_type=\"heading.default\">\n\t\t\t\t<div class=\"elementor-widget-container\">\n\t\t\t<h4 class=\"elementor-heading-title elementor-size-default\">De\u0301couvrir deux techniques d\u2019impression artisanales et se les approprier pour pouvoir les refaire chez soi.<br><\/h4>\t\t<\/div>\n\t\t\t\t<\/div>\n\t\t\t\t<div class=\"elementor-element elementor-element-2e024562 elementor-button-danger elementor-invisible elementor-widget elementor-widget-button\" data-id=\"2e024562\" data-element_type=\"widget\" data-settings=\"{&quot;_animation&quot;:&quot;fadeIn&quot;}\" data-widget_type=\"button.default\">\n\t\t\t\t<div class=\"elementor-widget-container\">\n\t\t\t\t\t<div class=\"elementor-button-wrapper\">\n\t\t\t<a href=\"http:\/\/www.collectifjeuxdemain.fr\/wp-content\/uploads\/2025\/06\/Fiche-Bonnes-impressions-2025.pdf\" class=\"elementor-button-link elementor-button elementor-size-xs\" target=\"_blank\" role=\"button\">\n\t\t\t\t\t\t<span class=\"elementor-button-content-wrapper\">\n\t\t\t\t\t\t<span class=\"elementor-button-icon elementor-align-icon-left\">\n\t\t\t\t<i class=\"fa fa-briefcase\" aria-hidden=\"true\"><\/i>\n\t\t\t<\/span>\n\t\t\t\t\t\t<span class=\"elementor-button-text\">FICHE DE L'ATELIER<\/span>\n\t\t<\/span>\n\t\t\t\t\t<\/a>\n\t\t<\/div>\n\t\t\t\t<\/div>\n\t\t\t\t<\/div>\n\t\t\t\t\t\t<\/div>\n\t\t\t<\/div>\n\t\t<\/div>\n\t\t\t\t\t\t<\/div>\n\t\t\t<\/div>\n\t\t<\/section>\n\t\t\t\t<section class=\"elementor-element elementor-element-36c42a9e elementor-section-boxed elementor-section-height-default elementor-section-height-default elementor-section elementor-top-section\" data-id=\"36c42a9e\" data-element_type=\"section\">\n\t\t\t\t\t\t<div class=\"elementor-container elementor-column-gap-default\">\n\t\t\t\t<div class=\"elementor-row\">\n\t\t\t\t<div class=\"elementor-element elementor-element-5b31fcc1 elementor-column elementor-col-100 elementor-top-column\" data-id=\"5b31fcc1\" data-element_type=\"column\">\n\t\t\t<div class=\"elementor-column-wrap  elementor-element-populated\">\n\t\t\t\t\t<div class=\"elementor-widget-wrap\">\n\t\t\t\t<div class=\"elementor-element elementor-element-7efa10e elementor-widget elementor-widget-image\" data-id=\"7efa10e\" data-element_type=\"widget\" data-widget_type=\"image.default\">\n\t\t\t\t<div class=\"elementor-widget-container\">\n\t\t\t\t\t<div class=\"elementor-image\">\n\t\t\t\t\t\t\t\t\t\t<img loading=\"lazy\" decoding=\"async\" width=\"1024\" height=\"684\" src=\"http:\/\/www.collectifjeuxdemain.fr\/wp-content\/uploads\/2021\/04\/final-Bonnes-impressions2-1-1024x684.jpg\" class=\"attachment-large size-large\" alt=\"\" srcset=\"http:\/\/www.collectifjeuxdemain.fr\/wp-content\/uploads\/2021\/04\/final-Bonnes-impressions2-1-1024x684.jpg 1024w, http:\/\/www.collectifjeuxdemain.fr\/wp-content\/uploads\/2021\/04\/final-Bonnes-impressions2-1-300x200.jpg 300w, http:\/\/www.collectifjeuxdemain.fr\/wp-content\/uploads\/2021\/04\/final-Bonnes-impressions2-1-768x513.jpg 768w\" sizes=\"auto, (max-width: 1024px) 100vw, 1024px\" \/>\t\t\t\t\t\t\t\t\t\t\t<\/div>\n\t\t\t\t<\/div>\n\t\t\t\t<\/div>\n\t\t\t\t\t\t<\/div>\n\t\t\t<\/div>\n\t\t<\/div>\n\t\t\t\t\t\t<\/div>\n\t\t\t<\/div>\n\t\t<\/section>\n\t\t\t\t\t\t<\/div>\n\t\t\t<\/div>\n\t\t<\/div>\n\t\t","protected":false},"excerpt":{"rendered":"<p>Bonne Impression D\u00e9couverte de techniques d&rsquo;impressions artisanales, Vivez l&rsquo;\u00e9t\u00e9 2020. De?couverte du monotype eT du marbling Durant une se?ance collective, les participant\u00b7e\u00b7s dessinent et s\u2019initient a? deux techniques d\u2019impres- sion artisanales. Pour commencer, le monotype&nbsp;: cette technique permet d\u2019imprimer instantane?ment le dessin re?alise? au recto, sur le verso. L\u2019illustration change alors d\u2019apparence. Ensuite, vient la [&hellip;]<\/p>\n","protected":false},"author":1,"featured_media":0,"parent":0,"menu_order":0,"comment_status":"closed","ping_status":"closed","template":"","meta":{"footnotes":""},"class_list":["post-1284","page","type-page","status-publish","hentry","entry"],"_links":{"self":[{"href":"http:\/\/www.collectifjeuxdemain.fr\/index.php?rest_route=\/wp\/v2\/pages\/1284","targetHints":{"allow":["GET"]}}],"collection":[{"href":"http:\/\/www.collectifjeuxdemain.fr\/index.php?rest_route=\/wp\/v2\/pages"}],"about":[{"href":"http:\/\/www.collectifjeuxdemain.fr\/index.php?rest_route=\/wp\/v2\/types\/page"}],"author":[{"embeddable":true,"href":"http:\/\/www.collectifjeuxdemain.fr\/index.php?rest_route=\/wp\/v2\/users\/1"}],"replies":[{"embeddable":true,"href":"http:\/\/www.collectifjeuxdemain.fr\/index.php?rest_route=%2Fwp%2Fv2%2Fcomments&post=1284"}],"version-history":[{"count":6,"href":"http:\/\/www.collectifjeuxdemain.fr\/index.php?rest_route=\/wp\/v2\/pages\/1284\/revisions"}],"predecessor-version":[{"id":3097,"href":"http:\/\/www.collectifjeuxdemain.fr\/index.php?rest_route=\/wp\/v2\/pages\/1284\/revisions\/3097"}],"wp:attachment":[{"href":"http:\/\/www.collectifjeuxdemain.fr\/index.php?rest_route=%2Fwp%2Fv2%2Fmedia&parent=1284"}],"curies":[{"name":"wp","href":"https:\/\/api.w.org\/{rel}","templated":true}]}}